{"id":1118,"date":"2016-06-23T13:29:32","date_gmt":"2016-06-23T13:29:32","guid":{"rendered":"http:\/\/medigroup.mikado-themes.com\/?page_id=1118"},"modified":"2026-02-05T13:42:49","modified_gmt":"2026-02-05T13:42:49","slug":"kontakt","status":"publish","type":"page","link":"https:\/\/kirurgijaplus.hr\/index.php\/kontakt\/","title":{"rendered":"Kontakt"},"content":{"rendered":"<p>[vc_row][vc_column][vc_column_text]<div class=\"leaflet-map WPLeafletMap\" style=\"height:250px; width:100%;\"><\/div><script>\nwindow.WPLeafletMapPlugin = window.WPLeafletMapPlugin || [];\nwindow.WPLeafletMapPlugin.push(function WPLeafletMapShortcode() {\/*<script>*\/\nvar baseUrl = atob('aHR0cHM6Ly90aWxlLm9wZW5zdHJlZXRtYXAub3JnL3t6fS97eH0ve3l9LnBuZw==');\nvar base = (!baseUrl && window.MQ) ?\n    window.MQ.mapLayer() : L.tileLayer(baseUrl,\n        L.Util.extend({}, {\n            detectRetina: 0,\n        },\n        {\"subdomains\":\"abc\",\"noWrap\":false,\"maxZoom\":19}        )\n    );\n    var options = L.Util.extend({}, {\n        layers: [base],\n        attributionControl: false\n    },\n    {\"zoomControl\":false,\"scrollWheelZoom\":false,\"doubleClickZoom\":false,\"fitBounds\":false,\"minZoom\":0,\"maxZoom\":19,\"maxBounds\":null,\"attribution\":\"<a href=\\\"http:\\\/\\\/leafletjs.com\\\" title=\\\"A JS library for interactive maps\\\">Leaflet<\\\/a>; \\u00a9 <a href=\\\"http:\\\/\\\/www.openstreetmap.org\\\/copyright\\\">OpenStreetMap<\\\/a> contributors\"},\n    {});\nwindow.WPLeafletMapPlugin.createMap(options).setView([45.15768,18.01522],16);});<\/script><br \/>\n<script>\nwindow.WPLeafletMapPlugin = window.WPLeafletMapPlugin || [];\nwindow.WPLeafletMapPlugin.push(function WPLeafletMarkerShortcode() {\/*<script>*\/\nvar map = window.WPLeafletMapPlugin.getCurrentMap();\nvar group = window.WPLeafletMapPlugin.getCurrentGroup();\nvar marker_options = window.WPLeafletMapPlugin.getIconOptions({});\nvar marker = L.marker(\n    [45.15768,18.01522],\n    marker_options\n);\nvar is_image = map.is_image_map;\nif (marker_options.draggable) {\n    marker.on('dragend', function () {\n        var latlng = this.getLatLng();\n        var lat = latlng.lat;\n        var lng = latlng.lng;\n        if (is_image) {\n            console.log('leaflet-marker y=' + lat + ' x=' + lng);\n        } else {\n            console.log('leaflet-marker lat=' + lat + ' lng=' + lng);\n        }\n    });\n}\nmarker.addTo( group );\nmarker.bindPopup(window.WPLeafletMapPlugin.unescape('Ovdje smo mi'));window.WPLeafletMapPlugin.markers.push( marker );\n        });<\/script>[\/vc_column_text][\/vc_column][\/vc_row][vc_row content_width=&#8221;grid&#8221; css=&#8221;.vc_custom_1467902501716{padding-top: 91px !important;padding-bottom: 101px !important;}&#8221;][vc_column offset=&#8221;vc_col-lg-6&#8243;]<div class=\"mkd-booking-form mkd-bf-layout-vertical light \"\r\n     data-depts-doctors=\"{&quot;Fizikalna medicina i rehabilitacija&quot;:[&quot;Hrvoje Ba\\u0161i\\u0107, mag.physioth.&quot;,&quot;Ozren Pehar, dr. med.&quot;,&quot;Paulina Beni\\u0107-Marti\\u0107, dr. med.&quot;,&quot;Tea Marti\\u0107, bacc.physioth.&quot;],&quot;Interna medicina i kardiologija&quot;:[&quot;Gorana Pavkovi\\u0107, dr.med.&quot;,&quot;Josip Silovi\\u0107, dr. med.&quot;],&quot;Op\\u0107a kirurgija&quot;:[&quot;Antun Martinovi\\u0107, dr.med.&quot;,&quot;Damir Ro\\u0161ko, dr. med.&quot;,&quot;Danko Smiljani\\u0107, dr.med.&quot;,&quot;Doc. dr. sc. prim. Hrvoje Palenki\\u0107, dr. med.&quot;,&quot;Dominik Bano, dr.med.&quot;,&quot;Ivan Samard\\u017ei\\u0107, dr. med.&quot;,&quot;Marina Majhen, bacc. med. techn.&quot;],&quot;Plasti\\u010dna i estetska medicina i kirurgija&quot;:[&quot;Damir Ro\\u0161ko, dr. med.&quot;,&quot;Ivana Jovanovi\\u0107 Milo\\u0161evi\\u0107, dr.med.&quot;,&quot;Tomislav Stojadinovi\\u0107, dr.med.&quot;],&quot;UZV dijagnostika&quot;:[&quot;Antun Martinovi\\u0107, dr.med.&quot;,&quot;Dominik Bano, dr.med.&quot;,&quot;Eugen Sadlo, dr. med.&quot;,&quot;Josip Silovi\\u0107, dr. med.&quot;,&quot;Ozren Pehar, dr. med.&quot;,&quot;Sanja Peji\\u0107 Ro\\u0161ko, dr. med.&quot;,&quot;Tomislav Stojadinovi\\u0107, dr.med.&quot;]}\">\r\n\r\n\t\r\n\t<div class=\"mkd-booking-form-inner \">\r\n\r\n\t\t\t\t\t<div class=\"mkd-bf-motto\"><h4>Ovdje smo za vas<\/h4><\/div>\r\n\t\t\r\n\t\t\t\t\t<div class=\"mkd-bf-title\"><h2>NARU\u010cIVANJE NA PREGLED<\/h2><\/div>\r\n\t\t\r\n\t\t<div class=\"mkd-bf-form-fields mkd-bf-columns-2\">\r\n\t\t\t<form method=\"POST\">\r\n\r\n\t\t\t\t<!-- Odjel -->\r\n\t\t\t\t<div class=\"mkd-bf-form-item mkd-bf-narrow\">\r\n\t\t\t\t\t<select class=\"mkd-bf-select-field mkd-bf-select-department\" name=\"mkd-booking-department\">\r\n\t\t\t\t\t\t<option value=\"\">\r\n\t\t\t\t\t\t\tOdaberite odjel\t\t\t\t\t\t<\/option>\r\n\t\t\t\t\t\t\t\t\t\t\t\t\t<option value=\"Fizikalna medicina i rehabilitacija\">Fizikalna medicina i rehabilitacija<\/option>\r\n\t\t\t\t\t\t\t\t\t\t\t\t\t<option value=\"Interna medicina i kardiologija\">Interna medicina i kardiologija<\/option>\r\n\t\t\t\t\t\t\t\t\t\t\t\t\t<option value=\"Op\u0107a kirurgija\">Op\u0107a kirurgija<\/option>\r\n\t\t\t\t\t\t\t\t\t\t\t\t\t<option value=\"Plasti\u010dna i estetska medicina i kirurgija\">Plasti\u010dna i estetska medicina i kirurgija<\/option>\r\n\t\t\t\t\t\t\t\t\t\t\t\t\t<option value=\"UZV dijagnostika\">UZV dijagnostika<\/option>\r\n\t\t\t\t\t\t\t\t\t\t\t<\/select>\r\n\t\t\t\t<\/div>\r\n\r\n\t\t\t\t<!-- \u2705 Doktor uklonjen -->\r\n\t\t\t\t<!-- \u2705 Datum uklonjen -->\r\n\t\t\t\t<!-- \u2705 Vrijeme uklonjeno -->\r\n\r\n\t\t\t\t<!-- Ime i prezime -->\r\n\t\t\t\t<div class=\"mkd-bf-form-item mkd-bf-name mkd-bf-narrow\">\r\n\t\t\t\t\t<input type=\"text\"\r\n\t\t\t\t\t       class=\"mkd-bf-input-name\"\r\n\t\t\t\t\t       name=\"mkd-booking-name\"\r\n\t\t\t\t\t       placeholder=\"Ime i prezime\">\r\n\t\t\t\t<\/div>\r\n\r\n\t\t\t\t<!-- Telefon (wide da raspored bude uredan) -->\r\n\t\t\t\t<div class=\"mkd-bf-form-item mkd-bf-contact mkd-bf-wide\">\r\n\t\t\t\t\t<input type=\"text\"\r\n\t\t\t\t\t       class=\"mkd-bf-input-contact\"\r\n\t\t\t\t\t       name=\"mkd-booking-contact\"\r\n\t\t\t\t\t       placeholder=\"Telefon\">\r\n\t\t\t\t<\/div>\r\n\r\n\t\t\t\t\t\t\t\t\t<!-- Poruka \/ napomena -->\r\n\t\t\t\t\t<div class=\"mkd-bf-form-item mkd-bf-wide\">\r\n\t\t\t\t\t\t<textarea class=\"mkd-bf-input-request\"\r\n\t\t\t\t\t\t          name=\"mkd-booking-request\"\r\n\t\t\t\t\t\t          placeholder=\"Poruka \/ napomena...\"><\/textarea>\r\n\t\t\t\t\t<\/div>\r\n\t\t\t\t\r\n\t\t\t\t<span class=\"nonce\"><input type=\"hidden\" id=\"mkd_nonce_booking_form_826307189\" name=\"mkd_nonce_booking_form_826307189\" value=\"db7b727952\" \/><input type=\"hidden\" name=\"_wp_http_referer\" value=\"\/index.php\/wp-json\/wp\/v2\/pages\/1118\" \/><\/span>\r\n\t\t\t\t<script type=\"application\/javascript\">if (typeof MikadoAjaxUrl === \"undefined\") {var MikadoAjaxUrl = \"https:\/\/kirurgijaplus.hr\/wp-admin\/admin-ajax.php\"; }<\/script>\r\n\t\t\t\t\t\t\t\t\t<div class=\"mkd-bf-form-response-holder\"><\/div>\r\n\t\t\t\t\r\n\t\t\t\t<div class=\"mkd-bf-form-button\">\r\n\t\t\t\t\t<input type=\"submit\" name=\"mkd-booking-submit\" value=\"Po\u0161alji\"  class=\"mkd-btn mkd-btn-small mkd-btn-solid mkd-btn-hover-outline\"  data-sending-label=\"\u0160aljem...\" \/>\t\t\t\t<\/div>\r\n\r\n\t\t\t\t\r\n\t\t\t<\/form>\r\n\t\t<\/div>\r\n\r\n\t<\/div>\r\n<\/div>\r\n[vc_empty_space height=&#8221;60px&#8221;][\/vc_column][vc_column offset=&#8221;vc_col-lg-6&#8243;][vc_column_text]<\/p>\n<h3>KONTAKT PODACI<\/h3>\n<p>[\/vc_column_text][vc_empty_space height=&#8221;10px&#8221;][vc_column_text]Za sve dodatne informacije, upite ili pomo\u0107 pri naru\u010divanju slobodno nam se obratite putem telefona, e-maila ili kontakt obrasca. Na\u0161 tim rado \u0107e vam pomo\u0107i.[\/vc_column_text][vc_row_inner css=&#8221;.vc_custom_1467902377204{padding-top: 30px !important;padding-bottom: 45px !important;}&#8221;][vc_column_inner width=&#8221;1\/2&#8243;]<div class=\"mkd-iwt clearfix mkd-iwt-icon-left mkd-iwt-icon-tiny\" >\n\t<div class=\"mkd-iwt-icon-holder\">\n\t\t\t\t\t\n\t<span class=\"mkd-icon-shortcode normal\"  data-color=\"#8bc0df\">\n        \n\t\t\t<i class=\"mkd-icon-linear-icon lnr lnr-smartphone mkd-icon-element\" style=\"color: #8bc0df;font-size:34px;margin:13px 0 0\" ><\/i>\n\t\t\t    <\/span>\n\n\t\t\t\t<\/div>\n\t<div class=\"mkd-iwt-content-holder\" >\n\t\t<div class=\"mkd-iwt-title-holder\">\n\t\t\t<h6 style=\"font-weight: 600;margin-bottom: 0px\">+ 385 98 908 2801<\/h6>\n\t<\/div>\n\t<div class=\"mkd-iwt-text-holder\">\n\t\t<p >info@kirurgijaplus.hr<\/p>\n\n\t\t\t<\/div>\n<\/div>\n<\/div>[\/vc_column_inner][vc_column_inner width=&#8221;1\/2&#8243;]<div class=\"mkd-iwt clearfix mkd-iwt-icon-left mkd-iwt-icon-tiny\" >\n\t<div class=\"mkd-iwt-icon-holder\">\n\t\t\t\t\t\n\t<span class=\"mkd-icon-shortcode normal\"  data-color=\"#8bc0df\">\n        \n\t\t\t<i class=\"mkd-icon-linear-icon lnr lnr-map-marker mkd-icon-element\" style=\"color: #8bc0df;font-size:34px;margin:13px 0 0 0\" ><\/i>\n\t\t\t    <\/span>\n\n\t\t\t\t<\/div>\n\t<div class=\"mkd-iwt-content-holder\" >\n\t\t<div class=\"mkd-iwt-title-holder\">\n\t\t\t<h6 style=\"font-weight: 600;margin-bottom: 0px\">Ulica Matije Gupca 32<\/h6>\n\t<\/div>\n\t<div class=\"mkd-iwt-text-holder\">\n\t\t<p >Slavonski Brod, Croatia<\/p>\n\n\t\t\t<\/div>\n<\/div>\n<\/div>[\/vc_column_inner][\/vc_row_inner][\/vc_column][\/vc_row]<\/p>\n","protected":false},"excerpt":{"rendered":"<p>[vc_row][vc_column][vc_column_text] [\/vc_column_text][\/vc_column][\/vc_row][vc_row content_width=&#8221;grid&#8221; css=&#8221;.vc_custom_1467902501716{padding-top: 91px !important;padding-bottom: 101px !important;}&#8221;][vc_column offset=&#8221;vc_col-lg-6&#8243;][vc_empty_space height=&#8221;60px&#8221;][\/vc_column][vc_column offset=&#8221;vc_col-lg-6&#8243;][vc_column_text] KONTAKT PODACI [\/vc_column_text][vc_empty_space height=&#8221;10px&#8221;][vc_column_text]Za sve dodatne informacije, upite ili pomo\u0107 pri naru\u010divanju slobodno nam se obratite putem telefona, e-maila ili kontakt obrasca. Na\u0161 tim rado \u0107e vam pomo\u0107i.[\/vc_column_text][vc_row_inner css=&#8221;.vc_custom_1467902377204{padding-top: 30px !important;padding-bottom: 45px !important;}&#8221;][vc_column_inner width=&#8221;1\/2&#8243;][\/vc_column_inner][vc_column_inner&#8230;<\/p>\n","protected":false},"author":1,"featured_media":0,"parent":0,"menu_order":0,"comment_status":"closed","ping_status":"closed","template":"full-width.php","meta":{"footnotes":""},"class_list":["post-1118","page","type-page","status-publish","hentry"],"_links":{"self":[{"href":"https:\/\/kirurgijaplus.hr\/index.php\/wp-json\/wp\/v2\/pages\/1118","targetHints":{"allow":["GET"]}}],"collection":[{"href":"https:\/\/kirurgijaplus.hr\/index.php\/wp-json\/wp\/v2\/pages"}],"about":[{"href":"https:\/\/kirurgijaplus.hr\/index.php\/wp-json\/wp\/v2\/types\/page"}],"author":[{"embeddable":true,"href":"https:\/\/kirurgijaplus.hr\/index.php\/wp-json\/wp\/v2\/users\/1"}],"replies":[{"embeddable":true,"href":"https:\/\/kirurgijaplus.hr\/index.php\/wp-json\/wp\/v2\/comments?post=1118"}],"version-history":[{"count":11,"href":"https:\/\/kirurgijaplus.hr\/index.php\/wp-json\/wp\/v2\/pages\/1118\/revisions"}],"predecessor-version":[{"id":4117,"href":"https:\/\/kirurgijaplus.hr\/index.php\/wp-json\/wp\/v2\/pages\/1118\/revisions\/4117"}],"wp:attachment":[{"href":"https:\/\/kirurgijaplus.hr\/index.php\/wp-json\/wp\/v2\/media?parent=1118"}],"curies":[{"name":"wp","href":"https:\/\/api.w.org\/{rel}","templated":true}]}}