{"id":4078,"date":"2026-02-05T12:14:11","date_gmt":"2026-02-05T12:14:11","guid":{"rendered":"https:\/\/kirurgijaplus.hr\/?page_id=4078"},"modified":"2026-02-23T17:57:02","modified_gmt":"2026-02-23T17:57:02","slug":"interna-medicina-i-kardiologija","status":"publish","type":"page","link":"https:\/\/kirurgijaplus.hr\/index.php\/interna-medicina-i-kardiologija\/","title":{"rendered":"Interna medicina i kardiologija"},"content":{"rendered":"<p>[vc_row][vc_column][vc_single_image image=&#8221;4025&#8243; img_size=&#8221;large&#8221; style=&#8221;vc_box_rounded&#8221;][vc_empty_space][vc_empty_space][vc_custom_heading text=&#8221;GASTROENTEROLOGIJA&#8221; font_container=&#8221;tag:h3|text_align:left&#8221; google_fonts=&#8221;font_family:Montserrat%3Aregular%2C700|font_style:700%20bold%20regular%3A700%3Anormal&#8221;][vc_column_text]Gastroenterologija je znanost koja se bavi bolestima probavnog trakta. Disciplina je interne medicine. Bavi se funkcijom i lije\u010denjem bolesti probavnog sustava, to\u010dnije bolestima jednjaka, \u017eeluca, tankog i debelog crijeva, bolestima jetre, \u017eu\u010dnog sustava, gu\u0161tera\u010de i potrbu\u0161nice.[\/vc_column_text][vc_custom_heading text=&#8221;KADA SE PREPORU\u010cUJE PREGLED GASTROENTEROLOGA&#8221; font_container=&#8221;tag:h4|text_align:left&#8221; google_fonts=&#8221;font_family:Montserrat%3Aregular%2C700|font_style:700%20bold%20regular%3A700%3Anormal&#8221;][vc_column_text]Pregled gastroenterologa se preporu\u010da kod:<\/p>\n<ul>\n<li>kroni\u010dnog proljeva<\/li>\n<li>zatvora<\/li>\n<li>u\u010destalih i te\u0161kih \u017egaravica<\/li>\n<li>osje\u0107aja te\u017ee nadutosti<\/li>\n<li>iznenadne i jake boli<\/li>\n<li>rektalnog krvarenja ili krvi u stolici<\/li>\n<li>nejasnog gubitka tjelesne te\u017eine<\/li>\n<li>pozitivne anamneze na karcinom debelog crijeva u obitelji<\/li>\n<\/ul>\n<p style=\"text-align: left;\">Svaki od ovih simptoma mo\u017ee biti znak funkcijskog probavnog poreme\u0107aja ali i bolesti organa te zahtijeva adekvatnu dijagnosti\u010dku obradu i pregled gastroenterologa. Osim toga, savjet gastroenterologa treba potra\u017eiti i kod pozitivne obiteljske anamneze na tumore crijeva ili druge genetske bolesti probavnog sustava.<\/p>\n<p><strong>NA\u0160 GASTROENTEROLOG<\/strong><\/p>\n<p>Gorana Pavkovi\u0107, dr. med. spec. internist[\/vc_column_text][vc_empty_space][vc_zigzag][vc_empty_space][vc_custom_heading text=&#8221;KARDIOLOGIJA&#8221; font_container=&#8221;tag:h3|text_align:left&#8221; google_fonts=&#8221;font_family:Montserrat%3Aregular%2C700|font_style:700%20bold%20regular%3A700%3Anormal&#8221;][vc_column_text]Bolesti srca i krvnih \u017eila naju\u010destalije su bolesti dana\u0161njice i vodi\u0107i uzrok smrti u svijetu. Stoga je vrlo va\u017eno na vrijeme otkriti \u010dimbenike rizika kao \u0161to su povi\u0161eni krvni tlak, povi\u0161ene masno\u0107e u krvi, \u0161e\u0107erna bolest i ostale, kako bi se sprije\u010dile komplikacije i eventualno napredovanje bolesti.<\/p>\n<p>U na\u0161oj poliklinici radimo na otkrivanju, suzbijanju i lije\u010denju bolesti srca i krvnih \u017eila. Mogu\u0107e je obaviti kompletnu neinvazivnu kardiolo\u0161ku dijagnostiku za bolesti srca i sr\u010danih krvnih \u017eila, sr\u010danih zalista, sr\u010dano popu\u0161tanje te priro\u0111ene sr\u010dane gre\u0161ke u odraslih, kao i dobiti konzilijarno kardiolo\u0161ko mi\u0161ljenje za kompleksne bolesnike.<\/p>\n<p>Provodimo ekspertizu koja podrazumijeva evaluaciju cjelovite dijagnostike i lije\u010denja bolesnika uvidom u prilo\u017eenu svu potrebnu medicinsku dokumentaciju radi utvr\u0111ivanja valjanosti i to\u010dnosti dosada\u0161nje dijagnoze i terapije. Stoga Vas o\u010dekuje stru\u010dno i susretljivo osoblje te dobra i moderna medicinska oprema za potpunu neinvazivnu kardiolo\u0161ku obradu.[\/vc_column_text][vc_custom_heading text=&#8221;PRETRAGE I PREGLEDI&#8221; font_container=&#8221;tag:h4|text_align:left&#8221; google_fonts=&#8221;font_family:Montserrat%3Aregular%2C700|font_style:700%20bold%20regular%3A700%3Anormal&#8221;][vc_column_text]U sklopu interne medicine i kardiologije u na\u0161oj poliklinici na raspolaganju su Vam sljede\u0107e pretrage i pregledi:<\/p>\n<ul>\n<li>Pregled interniste kardiologa<\/li>\n<li>Elektrokardiogram (12-kanalni EKG)<\/li>\n<li>Ultrazvuk srca<\/li>\n<li>Sistematski pregledi<\/li>\n<li>Preoperativni pregledi<\/li>\n<li>Drugo mi\u0161ljenje<\/li>\n<li>Color Doppler krvnih \u017eila vrata, ruku i nogu<\/li>\n<li>Laboratorijske pretrage<\/li>\n<li>Ekspertiza medicinske dokumentacije<\/li>\n<\/ul>\n<p><strong>NA\u0160 KARDIOLOG<\/strong><\/p>\n<p><strong>Josip Silovi\u0107 dr. med. specijalist kardiologije<\/strong>[\/vc_column_text][vc_zigzag][vc_custom_heading text=&#8221;ENDOKRINOLOGIJA I DIJABETOLOGIJA&#8221; font_container=&#8221;tag:h3|text_align:left&#8221; google_fonts=&#8221;font_family:Montserrat%3Aregular%2C700|font_style:700%20bold%20regular%3A700%3Anormal&#8221;][vc_column_text]<\/p>\n<p data-start=\"266\" data-end=\"547\">Tijekom pregleda u Poliklinici Kirurgija Plus, specijalist interne medicine \u2013 endokrinolog i dijabetolog, na temelju detaljne anamneze, klini\u010dkog pregleda te uvida u laboratorijsku i drugu dijagnosti\u010dku obradu procjenjuje funkciju endokrinog sustava i metaboli\u010dko stanje pacijenta.<\/p>\n<p data-start=\"549\" data-end=\"767\">Endokrini sustav ima klju\u010dnu ulogu u regulaciji hormona, metabolizma, tjelesne te\u017eine, razine \u0161e\u0107era u krvi i gusto\u0107e kostiju. Pravovremena dijagnostika omogu\u0107uje rano otkrivanje poreme\u0107aja i sprje\u010davanje komplikacija.<\/p>\n<p>[\/vc_column_text][vc_custom_heading text=&#8221;PRETRAGE I PREGLEDI&#8221; font_container=&#8221;tag:h4|text_align:left&#8221; google_fonts=&#8221;font_family:Montserrat%3Aregular%2C700|font_style:700%20bold%20regular%3A700%3Anormal&#8221;][vc_column_text]<\/p>\n<p data-start=\"787\" data-end=\"850\">U na\u0161oj poliklinici pru\u017eamo cjelovitu dijagnostiku i lije\u010denje:<\/p>\n<p data-start=\"852\" data-end=\"1021\">\u2022 bolesti \u0161titnja\u010de<br data-start=\"871\" data-end=\"874\" \/>\u2022 \u0161e\u0107erne bolesti (dijabetesa)<br data-start=\"904\" data-end=\"907\" \/>\u2022 debljine i metaboli\u010dkog sindroma<br data-start=\"941\" data-end=\"944\" \/>\u2022 osteoporoze<br data-start=\"957\" data-end=\"960\" \/>\u2022 poreme\u0107aja rada hipofize<br data-start=\"986\" data-end=\"989\" \/>\u2022 bolesti nadbubre\u017ene \u017elijezde<\/p>\n<p data-start=\"1023\" data-end=\"1141\">Na\u0161 pristup temelji se na individualiziranom planu lije\u010denja, pra\u0107enju terapije i dugoro\u010dnom vo\u0111enju kroni\u010dnih stanja.<\/p>\n<p data-start=\"1143\" data-end=\"1216\"><strong>Na\u0161 lije\u010dnik:<\/strong><br data-start=\"1156\" data-end=\"1159\" \/>Gorana Pavkovi\u0107, dr. med., specijalist interne medicine, subspecijalist endokrinolog i dijabetolog<\/p>\n<p>[\/vc_column_text][vc_zigzag][\/vc_column][\/vc_row][vc_row content_width=&#8221;grid&#8221; content_aligment=&#8221;center&#8221; css=&#8221;.vc_custom_1467019302797{padding-top: 103px !important;padding-bottom: 55px !important;}&#8221;][vc_column]<div class=\"mkd-section-title-holder\">\n\t<h2 class=\"mkd-section-title\" style=\"color: #373737;text-transform: uppercase;text-align: center\">\n\tNA\u0160 STRU\u010cNI TIM<\/h2>\n<\/div>[vc_empty_space]<div class=\"mkd-section-subtitle-holder mkd-section-subtitle-center\" style=\"width: 80%\">\n\t<p style=\"text-align: center;\" class=\"mkd-section-subtitle\">Interna medicina i kardiologija<\/p>\n<\/div>[\/vc_column][\/vc_row][vc_row content_width=&#8221;grid&#8221; css=&#8221;.vc_custom_1470129511103{padding-top: 46px !important;background-color: #f7f7f7 !important;}&#8221;][vc_column width=&#8221;1\/2&#8243; offset=&#8221;vc_col-lg-3&#8243;]\n<div class=\"mkd-team\">\n\t<div class=\"mkd-team-inner\">\n\t\t\t\t\t<div class=\"mkd-team-image-holder\">\n\t\t\t\t<div class=\"mkd-team-image\">\n\t\t\t\t\t<img decoding=\"async\" src=\"https:\/\/kirurgijaplus.hr\/wp-content\/uploads\/2026\/02\/Silovic-Josip-dr.-med.-specijalist-kardiologije.jpg\" alt=\"mkd-team-image\"\/>\n\n\t\t\t\t\t<div class=\"mkd-team-social-holder\">\n\t\t\t\t\t\t<div class=\"mkd-team-social circle\">\n\t\t\t\t\t\t\t<div class=\"mkd-team-social-inner\">\n\n\t\t\t\t\t\t\t\t\n\t<span class=\"mkd-icon-shortcode circle \"  >\n        \t\t<a href=\"https:\/\/www.linkedin.com\" target=\"_blank\" rel=\"noopener\">\n\t\t\t\n\t\t\t<span aria-hidden=\"true\" class=\"mkd-icon-font-elegant social_linkedin mkd-icon-element\" style=\"\" ><\/span>\n\t\t\t\t\t<\/a>\n\t    <\/span>\n\n\t\n\t<span class=\"mkd-icon-shortcode circle \"  >\n        \t\t<a href=\"https:\/\/www.skype.com\" target=\"_blank\" rel=\"noopener\">\n\t\t\t\n\t\t\t<span aria-hidden=\"true\" class=\"mkd-icon-font-elegant social_skype mkd-icon-element\" style=\"\" ><\/span>\n\t\t\t\t\t<\/a>\n\t    <\/span>\n\n\t\n\t<span class=\"mkd-icon-shortcode circle \"  >\n        \t\t<a href=\"https:\/\/twitter.com\" target=\"_blank\" rel=\"noopener\">\n\t\t\t\n\t\t\t<span aria-hidden=\"true\" class=\"mkd-icon-font-elegant social_twitter mkd-icon-element\" style=\"\" ><\/span>\n\t\t\t\t\t<\/a>\n\t    <\/span>\n\n\t\n\t\t\t\t\t\t\t<\/div>\n\t\t\t\t\t\t<\/div>\n\t\t\t\t\t<\/div>\n\t\t\t\t<\/div>\n\t\t\t<\/div>\n\t\t\n\t\t\t\t\t<div class=\"mkd-team-info\">\n\t\t\t\t\t\t\t\t\t<div class=\"mkd-team-title-holder circle\">\n\t\t\t\t\t\t\t\t\t\t\t\t\t<h5 class=\"mkd-team-name \">\n\t\t\t\t\t\t\t\t<a href=\"https:\/\/kirurgijaplus.hr\/index.php\/doctor\/silovic-josip-dr-med\/\" target=\"_blank\">Josip Silovi\u0107, dr. med.<\/a>\t\t\t\t\t\t\t<\/h5>\n\t\t\t\t\t\t\t\t\t\t\t\t\t\t\t\t\t\t\t<h6 class=\"mkd-team-position \">specijalist kardiologije.<\/h6>\n\t\t\t\t\t\t\t\t\t\t\t<\/div>\n\t\t\t\t\n\t\t\t\t\n\t<\/div>\n<\/div>\n<\/div>[vc_empty_space height=&#8221;50px&#8221;][\/vc_column][vc_column width=&#8221;1\/2&#8243; offset=&#8221;vc_col-lg-3&#8243;]\n<div class=\"mkd-team\">\n\t<div class=\"mkd-team-inner\">\n\t\t\t\t\t<div class=\"mkd-team-image-holder\">\n\t\t\t\t<div class=\"mkd-team-image\">\n\t\t\t\t\t<img decoding=\"async\" src=\"https:\/\/kirurgijaplus.hr\/wp-content\/uploads\/2026\/02\/Pavkovic-Gorana-dr.-med.-specijalist-internist-subspecijalist-endokrinolog-i-dijabetolog.jpg\" alt=\"mkd-team-image\"\/>\n\n\t\t\t\t\t<div class=\"mkd-team-social-holder\">\n\t\t\t\t\t\t<div class=\"mkd-team-social circle\">\n\t\t\t\t\t\t\t<div class=\"mkd-team-social-inner\">\n\n\t\t\t\t\t\t\t\t\n\t<span class=\"mkd-icon-shortcode circle \"  >\n        \t\t<a href=\"https:\/\/www.linkedin.com\" target=\"_blank\" rel=\"noopener\">\n\t\t\t\n\t\t\t<span aria-hidden=\"true\" class=\"mkd-icon-font-elegant social_linkedin mkd-icon-element\" style=\"\" ><\/span>\n\t\t\t\t\t<\/a>\n\t    <\/span>\n\n\t\n\t<span class=\"mkd-icon-shortcode circle \"  >\n        \t\t<a href=\"https:\/\/www.skype.com\" target=\"_blank\" rel=\"noopener\">\n\t\t\t\n\t\t\t<span aria-hidden=\"true\" class=\"mkd-icon-font-elegant social_skype mkd-icon-element\" style=\"\" ><\/span>\n\t\t\t\t\t<\/a>\n\t    <\/span>\n\n\t\n\t<span class=\"mkd-icon-shortcode circle \"  >\n        \t\t<a href=\"https:\/\/twitter.com\" target=\"_blank\" rel=\"noopener\">\n\t\t\t\n\t\t\t<span aria-hidden=\"true\" class=\"mkd-icon-font-elegant social_twitter mkd-icon-element\" style=\"\" ><\/span>\n\t\t\t\t\t<\/a>\n\t    <\/span>\n\n\t\n\t\t\t\t\t\t\t<\/div>\n\t\t\t\t\t\t<\/div>\n\t\t\t\t\t<\/div>\n\t\t\t\t<\/div>\n\t\t\t<\/div>\n\t\t\n\t\t\t\t\t<div class=\"mkd-team-info\">\n\t\t\t\t\t\t\t\t\t<div class=\"mkd-team-title-holder circle\">\n\t\t\t\t\t\t\t\t\t\t\t\t\t<h5 class=\"mkd-team-name \">\n\t\t\t\t\t\t\t\t<a href=\"https:\/\/kirurgijaplus.hr\/index.php\/doctor\/gorana-pavkovic-dr-med\/\" target=\"_blank\">Gorana Pavkovi\u0107, dr.med.<\/a>\t\t\t\t\t\t\t<\/h5>\n\t\t\t\t\t\t\t\t\t\t\t\t\t\t\t\t\t\t\t<h6 class=\"mkd-team-position \">specijalist interne medicine, subspecijalist endokrinolog i dijabetolog<\/h6>\n\t\t\t\t\t\t\t\t\t\t\t<\/div>\n\t\t\t\t\n\t\t\t\t\n\t<\/div>\n<\/div>\n<\/div>[vc_empty_space height=&#8221;50px&#8221;][\/vc_column][vc_column width=&#8221;1\/2&#8243; offset=&#8221;vc_col-lg-3&#8243;][vc_empty_space height=&#8221;50px&#8221;][\/vc_column][vc_column width=&#8221;1\/2&#8243; offset=&#8221;vc_col-lg-3&#8243;][vc_empty_space height=&#8221;50px&#8221;][\/vc_column][\/vc_row]<\/p>\n","protected":false},"excerpt":{"rendered":"<p>[vc_row][vc_column][vc_single_image image=&#8221;4025&#8243; img_size=&#8221;large&#8221; style=&#8221;vc_box_rounded&#8221;][vc_empty_space][vc_empty_space][vc_custom_heading text=&#8221;GASTROENTEROLOGIJA&#8221; font_container=&#8221;tag:h3|text_align:left&#8221; google_fonts=&#8221;font_family:Montserrat%3Aregular%2C700|font_style:700%20bold%20regular%3A700%3Anormal&#8221;][vc_column_text]Gastroenterologija je znanost koja se bavi bolestima probavnog trakta. Disciplina je interne medicine. Bavi se funkcijom i lije\u010denjem bolesti probavnog sustava, to\u010dnije bolestima jednjaka, \u017eeluca, tankog i debelog crijeva, bolestima jetre, \u017eu\u010dnog sustava, gu\u0161tera\u010de i potrbu\u0161nice.[\/vc_column_text][vc_custom_heading text=&#8221;KADA SE PREPORU\u010cUJE&#8230;<\/p>\n","protected":false},"author":1,"featured_media":0,"parent":0,"menu_order":0,"comment_status":"closed","ping_status":"closed","template":"","meta":{"footnotes":""},"class_list":["post-4078","page","type-page","status-publish","hentry"],"_links":{"self":[{"href":"https:\/\/kirurgijaplus.hr\/index.php\/wp-json\/wp\/v2\/pages\/4078","targetHints":{"allow":["GET"]}}],"collection":[{"href":"https:\/\/kirurgijaplus.hr\/index.php\/wp-json\/wp\/v2\/pages"}],"about":[{"href":"https:\/\/kirurgijaplus.hr\/index.php\/wp-json\/wp\/v2\/types\/page"}],"author":[{"embeddable":true,"href":"https:\/\/kirurgijaplus.hr\/index.php\/wp-json\/wp\/v2\/users\/1"}],"replies":[{"embeddable":true,"href":"https:\/\/kirurgijaplus.hr\/index.php\/wp-json\/wp\/v2\/comments?post=4078"}],"version-history":[{"count":5,"href":"https:\/\/kirurgijaplus.hr\/index.php\/wp-json\/wp\/v2\/pages\/4078\/revisions"}],"predecessor-version":[{"id":4320,"href":"https:\/\/kirurgijaplus.hr\/index.php\/wp-json\/wp\/v2\/pages\/4078\/revisions\/4320"}],"wp:attachment":[{"href":"https:\/\/kirurgijaplus.hr\/index.php\/wp-json\/wp\/v2\/media?parent=4078"}],"curies":[{"name":"wp","href":"https:\/\/api.w.org\/{rel}","templated":true}]}}