{"id":4083,"date":"2026-02-05T12:17:48","date_gmt":"2026-02-05T12:17:48","guid":{"rendered":"https:\/\/kirurgijaplus.hr\/?page_id=4083"},"modified":"2026-02-05T12:56:09","modified_gmt":"2026-02-05T12:56:09","slug":"uzv-dijagnostika","status":"publish","type":"page","link":"https:\/\/kirurgijaplus.hr\/index.php\/uzv-dijagnostika\/","title":{"rendered":"UZV dijagnostika"},"content":{"rendered":"<p>[vc_row][vc_column][vc_single_image image=&#8221;4097&#8243; img_size=&#8221;large&#8221; style=&#8221;vc_box_rounded&#8221;][vc_empty_space][vc_empty_space][vc_custom_heading text=&#8221;ULTRAZVU\u010cNA DIJAGNOSTIKA&#8221; font_container=&#8221;tag:h3|text_align:left&#8221; google_fonts=&#8221;font_family:Montserrat%3Aregular%2C700|font_style:700%20bold%20regular%3A700%3Anormal&#8221;][vc_column_text]U na\u0161oj poliklinici mo\u017eete obaviti bezbolnu i pouzdanu ultrazvu\u010dnu dijagnostiku, sigurnu metodu oslikavanja koja ne koristi ioniziraju\u0107e zra\u010denje ve\u0107 visokofrekventne ultrazvu\u010dne valove za dobivanje \u017eive slike.[\/vc_column_text][vc_custom_heading text=&#8221;DOSTUPNI MODALITETI ULTRAZVU\u010cNE DIJAGNOSTIKE&#8221; font_container=&#8221;tag:h4|text_align:left&#8221; google_fonts=&#8221;font_family:Montserrat%3Aregular%2C700|font_style:700%20bold%20regular%3A700%3Anormal&#8221;][vc_column_text]U Poliklinici Kirurgija plus dostupni su modaliteti ultrazvu\u010dne dijagnostike:<\/p>\n<ul>\n<li>UZV srca<\/li>\n<li>UZV abdomena<\/li>\n<li>UZV bubrega i mokra\u0107nog mjehura<\/li>\n<li>UZV dojke<\/li>\n<li>UZV \u0161titnja\u010de<\/li>\n<li>UZV \u017elijezda slinovnica<\/li>\n<li>UZV povr\u0161inskih struktura vrata<\/li>\n<li>UZV limfnih \u010dvorova u svim regijama (vrata, pazusi, prepone)<\/li>\n<li>UZV CD arterija i vena ruku i nogu<\/li>\n<li>UZV CD karotida i VB sliva<\/li>\n<li>Neuropedijatrijski ultrazvuk<\/li>\n<\/ul>\n<p>[\/vc_column_text][vc_custom_heading text=&#8221;NOSITELJI ULTRAZVU\u010cNE DIJAGNOSTIKE&#8221; font_container=&#8221;tag:h4|text_align:left&#8221; google_fonts=&#8221;font_family:Montserrat%3Aregular%2C700|font_style:700%20bold%20regular%3A700%3Anormal&#8221;][vc_column_text]<\/p>\n<ul>\n<li>UZV abdomena, dojki, limfnih \u010dvorova, bubrega i mokra\u0107nog mjehura \u2013 <strong>dr. Eugen Sadlo, specijalist radiolog<\/strong><\/li>\n<li>UZV CD arterija i vena nogu, UZV karotida i VB sliva \u2013 <strong>dr. Dominik Bano specijalist kirurg<\/strong><\/li>\n<li>UZV srca \u2013 <strong>dr. Josip Silovi\u0107, specijalist kardiolog<\/strong><\/li>\n<li>UZV mozga novoro\u0111en\u010dadi i dojen\u010dadi, transkranijski color dopler mozga (TCCD) djece \u2013 <strong>dr. Sanja Peji\u0107 Ro\u0161ko specijalist pedijatar, subspecijalist neuropedijatar<\/strong><\/li>\n<li>Ginekolo\u0161ki 4D ultrazvuk, ginekolo\u0161ki color doppler (CD), ginekolo\u0161ki ultrazvuk, ultrazvu\u010dni pregled trudnice, ultrazvu\u010dno ispitivanje jajovoda \u2013 <strong>dr. \u017deljko Bla\u017einkov, specijalist ginekologije i opstetricije<\/strong><\/li>\n<li>UZV \u0161titnja\u010de i povr\u0161inskih struktura vrata \u2013 <strong>dr. Tomislav Stojadinovi\u0107, specijalist otorinolaringolog<\/strong><\/li>\n<li>UZV lokomotornog sustava \u2013 <strong>dr. Ozren Pehar specijalist op\u0107e kirurgije, subspecijalist traumatologije<\/strong>,<br \/>\n<strong>dr. Ivan Samard\u017ei\u0107, specijalist ortoped<\/strong>,<br \/>\n<strong>dr. Anto Martinovi\u0107, specijalist ortoped<\/strong><\/li>\n<\/ul>\n<p>[\/vc_column_text][vc_empty_space][vc_zigzag][vc_empty_space][\/vc_column][\/vc_row][vc_row content_width=&#8221;grid&#8221; content_aligment=&#8221;center&#8221; css=&#8221;.vc_custom_1467019302797{padding-top: 103px !important;padding-bottom: 55px !important;}&#8221;][vc_column]<div class=\"mkd-section-title-holder\">\n\t<h2 class=\"mkd-section-title\" style=\"color: #373737;text-transform: uppercase;text-align: center\">\n\tNA\u0160 STRU\u010cNI TIM<\/h2>\n<\/div>[vc_empty_space]<div class=\"mkd-section-subtitle-holder mkd-section-subtitle-center\" style=\"width: 80%\">\n\t<p style=\"text-align: center;\" class=\"mkd-section-subtitle\">Interna medicina i kardiologija<\/p>\n<\/div>[\/vc_column][\/vc_row][vc_row content_width=&#8221;grid&#8221; content_aligment=&#8221;center&#8221; css=&#8221;.vc_custom_1467019302797{padding-top: 103px !important;padding-bottom: 55px !important;}&#8221;][vc_column]<div class=\"mkd-section-subtitle-holder mkd-section-subtitle-center\" style=\"width: 80%\">\n\t<p style=\"text-align: center;\" class=\"mkd-section-subtitle\">UZV dijagnostika<\/p>\n<\/div>[\/vc_column][\/vc_row][vc_row content_width=&#8221;grid&#8221; css=&#8221;.vc_custom_1470129511103{padding-top: 46px !important;background-color: #f7f7f7 !important;}&#8221;][vc_column width=&#8221;1\/2&#8243; offset=&#8221;vc_col-lg-3&#8243;]\n<div class=\"mkd-team\">\n\t<div class=\"mkd-team-inner\">\n\t\t\t\t\t<div class=\"mkd-team-image-holder\">\n\t\t\t\t<div class=\"mkd-team-image\">\n\t\t\t\t\t<img decoding=\"async\" src=\"https:\/\/kirurgijaplus.hr\/wp-content\/uploads\/2026\/02\/doktor.jpg\" alt=\"mkd-team-image\"\/>\n\n\t\t\t\t\t<div class=\"mkd-team-social-holder\">\n\t\t\t\t\t\t<div class=\"mkd-team-social circle\">\n\t\t\t\t\t\t\t<div class=\"mkd-team-social-inner\">\n\n\t\t\t\t\t\t\t\t\n\t<span class=\"mkd-icon-shortcode circle \"  >\n        \t\t<a href=\"https:\/\/www.linkedin.com\" target=\"_blank\" rel=\"noopener\">\n\t\t\t\n\t\t\t<span aria-hidden=\"true\" class=\"mkd-icon-font-elegant social_linkedin mkd-icon-element\" style=\"\" ><\/span>\n\t\t\t\t\t<\/a>\n\t    <\/span>\n\n\t\n\t<span class=\"mkd-icon-shortcode circle \"  >\n        \t\t<a href=\"https:\/\/www.skype.com\" target=\"_blank\" rel=\"noopener\">\n\t\t\t\n\t\t\t<span aria-hidden=\"true\" class=\"mkd-icon-font-elegant social_skype mkd-icon-element\" style=\"\" ><\/span>\n\t\t\t\t\t<\/a>\n\t    <\/span>\n\n\t\n\t<span class=\"mkd-icon-shortcode circle \"  >\n        \t\t<a href=\"https:\/\/twitter.com\" target=\"_blank\" rel=\"noopener\">\n\t\t\t\n\t\t\t<span aria-hidden=\"true\" class=\"mkd-icon-font-elegant social_twitter mkd-icon-element\" style=\"\" ><\/span>\n\t\t\t\t\t<\/a>\n\t    <\/span>\n\n\t\n\t\t\t\t\t\t\t<\/div>\n\t\t\t\t\t\t<\/div>\n\t\t\t\t\t<\/div>\n\t\t\t\t<\/div>\n\t\t\t<\/div>\n\t\t\n\t\t\t\t\t<div class=\"mkd-team-info\">\n\t\t\t\t\t\t\t\t\t<div class=\"mkd-team-title-holder circle\">\n\t\t\t\t\t\t\t\t\t\t\t\t\t<h5 class=\"mkd-team-name \">\n\t\t\t\t\t\t\t\t<a href=\"https:\/\/kirurgijaplus.hr\/index.php\/doctor\/sadlo-eugen-dr-med\/\" target=\"_blank\">Eugen Sadlo, dr. med.<\/a>\t\t\t\t\t\t\t<\/h5>\n\t\t\t\t\t\t\t\t\t\t\t\t\t\t\t\t\t\t\t<h6 class=\"mkd-team-position \">specijalist klini\u010dke radiologije.<\/h6>\n\t\t\t\t\t\t\t\t\t\t\t<\/div>\n\t\t\t\t\n\t\t\t\t\n\t<\/div>\n<\/div>\n<\/div>[vc_empty_space height=&#8221;50px&#8221;][\/vc_column][vc_column width=&#8221;1\/2&#8243; offset=&#8221;vc_col-lg-3&#8243;]\n<div class=\"mkd-team\">\n\t<div class=\"mkd-team-inner\">\n\t\t\t\t\t<div class=\"mkd-team-image-holder\">\n\t\t\t\t<div class=\"mkd-team-image\">\n\t\t\t\t\t<img decoding=\"async\" src=\"https:\/\/kirurgijaplus.hr\/wp-content\/uploads\/2026\/02\/Martinovic-Antun-dr.-med.-specijalist-ortopedije-subspecijalist-traumatologije-lokomotornog-sustava.jpg\" alt=\"mkd-team-image\"\/>\n\n\t\t\t\t\t<div class=\"mkd-team-social-holder\">\n\t\t\t\t\t\t<div class=\"mkd-team-social circle\">\n\t\t\t\t\t\t\t<div class=\"mkd-team-social-inner\">\n\n\t\t\t\t\t\t\t\t\n\t<span class=\"mkd-icon-shortcode circle \"  >\n        \t\t<a href=\"https:\/\/www.linkedin.com\" target=\"_blank\" rel=\"noopener\">\n\t\t\t\n\t\t\t<span aria-hidden=\"true\" class=\"mkd-icon-font-elegant social_linkedin mkd-icon-element\" style=\"\" ><\/span>\n\t\t\t\t\t<\/a>\n\t    <\/span>\n\n\t\n\t<span class=\"mkd-icon-shortcode circle \"  >\n        \t\t<a href=\"https:\/\/www.skype.com\" target=\"_blank\" rel=\"noopener\">\n\t\t\t\n\t\t\t<span aria-hidden=\"true\" class=\"mkd-icon-font-elegant social_skype mkd-icon-element\" style=\"\" ><\/span>\n\t\t\t\t\t<\/a>\n\t    <\/span>\n\n\t\n\t<span class=\"mkd-icon-shortcode circle \"  >\n        \t\t<a href=\"https:\/\/twitter.com\" target=\"_blank\" rel=\"noopener\">\n\t\t\t\n\t\t\t<span aria-hidden=\"true\" class=\"mkd-icon-font-elegant social_twitter mkd-icon-element\" style=\"\" ><\/span>\n\t\t\t\t\t<\/a>\n\t    <\/span>\n\n\t\n\t\t\t\t\t\t\t<\/div>\n\t\t\t\t\t\t<\/div>\n\t\t\t\t\t<\/div>\n\t\t\t\t<\/div>\n\t\t\t<\/div>\n\t\t\n\t\t\t\t\t<div class=\"mkd-team-info\">\n\t\t\t\t\t\t\t\t\t<div class=\"mkd-team-title-holder circle\">\n\t\t\t\t\t\t\t\t\t\t\t\t\t<h5 class=\"mkd-team-name \">\n\t\t\t\t\t\t\t\t<a href=\"https:\/\/kirurgijaplus.hr\/index.php\/doctor\/antun-martinovic-dr-med\/\" target=\"_blank\">Antun Martinovi\u0107, dr.med.<\/a>\t\t\t\t\t\t\t<\/h5>\n\t\t\t\t\t\t\t\t\t\t\t\t\t\t\t\t\t\t\t<h6 class=\"mkd-team-position \">specijalist ortopedije, subspecijalist traumatologije lokomotonog sustava.<\/h6>\n\t\t\t\t\t\t\t\t\t\t\t<\/div>\n\t\t\t\t\n\t\t\t\t\n\t<\/div>\n<\/div>\n<\/div>[vc_empty_space height=&#8221;50px&#8221;][\/vc_column][vc_column width=&#8221;1\/2&#8243; offset=&#8221;vc_col-lg-3&#8243;]\n<div class=\"mkd-team\">\n\t<div class=\"mkd-team-inner\">\n\t\t\t\t\t<div class=\"mkd-team-image-holder\">\n\t\t\t\t<div class=\"mkd-team-image\">\n\t\t\t\t\t<img decoding=\"async\" src=\"https:\/\/kirurgijaplus.hr\/wp-content\/uploads\/2026\/03\/Dominik-Bano-dr.-med.-3.jpeg\" alt=\"mkd-team-image\"\/>\n\n\t\t\t\t\t<div class=\"mkd-team-social-holder\">\n\t\t\t\t\t\t<div class=\"mkd-team-social circle\">\n\t\t\t\t\t\t\t<div class=\"mkd-team-social-inner\">\n\n\t\t\t\t\t\t\t\t\n\t<span class=\"mkd-icon-shortcode circle \"  >\n        \t\t<a href=\"https:\/\/www.linkedin.com\" target=\"_blank\" rel=\"noopener\">\n\t\t\t\n\t\t\t<span aria-hidden=\"true\" class=\"mkd-icon-font-elegant social_linkedin mkd-icon-element\" style=\"\" ><\/span>\n\t\t\t\t\t<\/a>\n\t    <\/span>\n\n\t\n\t<span class=\"mkd-icon-shortcode circle \"  >\n        \t\t<a href=\"https:\/\/www.skype.com\" target=\"_blank\" rel=\"noopener\">\n\t\t\t\n\t\t\t<span aria-hidden=\"true\" class=\"mkd-icon-font-elegant social_skype mkd-icon-element\" style=\"\" ><\/span>\n\t\t\t\t\t<\/a>\n\t    <\/span>\n\n\t\n\t<span class=\"mkd-icon-shortcode circle \"  >\n        \t\t<a href=\"https:\/\/twitter.com\" target=\"_blank\" rel=\"noopener\">\n\t\t\t\n\t\t\t<span aria-hidden=\"true\" class=\"mkd-icon-font-elegant social_twitter mkd-icon-element\" style=\"\" ><\/span>\n\t\t\t\t\t<\/a>\n\t    <\/span>\n\n\t\n\t\t\t\t\t\t\t<\/div>\n\t\t\t\t\t\t<\/div>\n\t\t\t\t\t<\/div>\n\t\t\t\t<\/div>\n\t\t\t<\/div>\n\t\t\n\t\t\t\t\t<div class=\"mkd-team-info\">\n\t\t\t\t\t\t\t\t\t<div class=\"mkd-team-title-holder circle\">\n\t\t\t\t\t\t\t\t\t\t\t\t\t<h5 class=\"mkd-team-name \">\n\t\t\t\t\t\t\t\t<a href=\"https:\/\/kirurgijaplus.hr\/index.php\/doctor\/dominik-bano-dr-med\/\" target=\"_blank\">Dominik Bano, dr.med.<\/a>\t\t\t\t\t\t\t<\/h5>\n\t\t\t\t\t\t\t\t\t\t\t\t\t\t\t\t\t\t\t<h6 class=\"mkd-team-position \">specijalist op\u0107e kirurgije.<\/h6>\n\t\t\t\t\t\t\t\t\t\t\t<\/div>\n\t\t\t\t\n\t\t\t\t\n\t<\/div>\n<\/div>\n<\/div>[vc_empty_space height=&#8221;50px&#8221;][\/vc_column][vc_column width=&#8221;1\/2&#8243; offset=&#8221;vc_col-lg-3&#8243;]\n<div class=\"mkd-team\">\n\t<div class=\"mkd-team-inner\">\n\t\t\t\t\t<div class=\"mkd-team-image-holder\">\n\t\t\t\t<div class=\"mkd-team-image\">\n\t\t\t\t\t<img decoding=\"async\" src=\"https:\/\/kirurgijaplus.hr\/wp-content\/uploads\/2016\/07\/615790671_122106452799190961_3041254955515715519_n.jpg\" alt=\"mkd-team-image\"\/>\n\n\t\t\t\t\t<div class=\"mkd-team-social-holder\">\n\t\t\t\t\t\t<div class=\"mkd-team-social circle\">\n\t\t\t\t\t\t\t<div class=\"mkd-team-social-inner\">\n\n\t\t\t\t\t\t\t\t\n\t<span class=\"mkd-icon-shortcode circle \"  >\n        \t\t<a href=\"https:\/\/www.linkedin.com\" target=\"_blank\" rel=\"noopener\">\n\t\t\t\n\t\t\t<span aria-hidden=\"true\" class=\"mkd-icon-font-elegant social_linkedin mkd-icon-element\" style=\"\" ><\/span>\n\t\t\t\t\t<\/a>\n\t    <\/span>\n\n\t\n\t<span class=\"mkd-icon-shortcode circle \"  >\n        \t\t<a href=\"https:\/\/www.skype.com\" target=\"_blank\" rel=\"noopener\">\n\t\t\t\n\t\t\t<span aria-hidden=\"true\" class=\"mkd-icon-font-elegant social_skype mkd-icon-element\" style=\"\" ><\/span>\n\t\t\t\t\t<\/a>\n\t    <\/span>\n\n\t\n\t<span class=\"mkd-icon-shortcode circle \"  >\n        \t\t<a href=\"https:\/\/twitter.com\" target=\"_blank\" rel=\"noopener\">\n\t\t\t\n\t\t\t<span aria-hidden=\"true\" class=\"mkd-icon-font-elegant social_twitter mkd-icon-element\" style=\"\" ><\/span>\n\t\t\t\t\t<\/a>\n\t    <\/span>\n\n\t\n\t\t\t\t\t\t\t<\/div>\n\t\t\t\t\t\t<\/div>\n\t\t\t\t\t<\/div>\n\t\t\t\t<\/div>\n\t\t\t<\/div>\n\t\t\n\t\t\t\t\t<div class=\"mkd-team-info\">\n\t\t\t\t\t\t\t\t\t<div class=\"mkd-team-title-holder circle\">\n\t\t\t\t\t\t\t\t\t\t\t\t\t<h5 class=\"mkd-team-name \">\n\t\t\t\t\t\t\t\t<a href=\"https:\/\/kirurgijaplus.hr\/index.php\/doctor\/ozren-pehar-dr-med\/\" target=\"_blank\">Ozren Pehar, dr. med.<\/a>\t\t\t\t\t\t\t<\/h5>\n\t\t\t\t\t\t\t\t\t\t\t\t\t\t\t\t\t\t\t<h6 class=\"mkd-team-position \">Specijalist op\u0107e kirurgije, subspecijalist traumatologije.<\/h6>\n\t\t\t\t\t\t\t\t\t\t\t<\/div>\n\t\t\t\t\n\t\t\t\t\n\t<\/div>\n<\/div>\n<\/div>[vc_empty_space height=&#8221;50px&#8221;][\/vc_column][\/vc_row][vc_row content_width=&#8221;grid&#8221; css=&#8221;.vc_custom_1470129511103{padding-top: 46px !important;background-color: #f7f7f7 !important;}&#8221;][vc_column width=&#8221;1\/2&#8243; offset=&#8221;vc_col-lg-3&#8243;]\n<div class=\"mkd-team\">\n\t<div class=\"mkd-team-inner\">\n\t\t\t\t\t<div class=\"mkd-team-image-holder\">\n\t\t\t\t<div class=\"mkd-team-image\">\n\t\t\t\t\t<img decoding=\"async\" src=\"https:\/\/kirurgijaplus.hr\/wp-content\/uploads\/2026\/02\/Sanja-Pejic-Rosko-dr.med_.-specijalist-pedijatar-subspecijalist-pedijatrijske-neurologije-1.jpg\" alt=\"mkd-team-image\"\/>\n\n\t\t\t\t\t<div class=\"mkd-team-social-holder\">\n\t\t\t\t\t\t<div class=\"mkd-team-social circle\">\n\t\t\t\t\t\t\t<div class=\"mkd-team-social-inner\">\n\n\t\t\t\t\t\t\t\t\n\t<span class=\"mkd-icon-shortcode circle \"  >\n        \t\t<a href=\"https:\/\/www.linkedin.com\" target=\"_blank\" rel=\"noopener\">\n\t\t\t\n\t\t\t<span aria-hidden=\"true\" class=\"mkd-icon-font-elegant social_linkedin mkd-icon-element\" style=\"\" ><\/span>\n\t\t\t\t\t<\/a>\n\t    <\/span>\n\n\t\n\t<span class=\"mkd-icon-shortcode circle \"  >\n        \t\t<a href=\"https:\/\/www.skype.com\" target=\"_blank\" rel=\"noopener\">\n\t\t\t\n\t\t\t<span aria-hidden=\"true\" class=\"mkd-icon-font-elegant social_skype mkd-icon-element\" style=\"\" ><\/span>\n\t\t\t\t\t<\/a>\n\t    <\/span>\n\n\t\n\t<span class=\"mkd-icon-shortcode circle \"  >\n        \t\t<a href=\"https:\/\/twitter.com\" target=\"_blank\" rel=\"noopener\">\n\t\t\t\n\t\t\t<span aria-hidden=\"true\" class=\"mkd-icon-font-elegant social_twitter mkd-icon-element\" style=\"\" ><\/span>\n\t\t\t\t\t<\/a>\n\t    <\/span>\n\n\t\n\t\t\t\t\t\t\t<\/div>\n\t\t\t\t\t\t<\/div>\n\t\t\t\t\t<\/div>\n\t\t\t\t<\/div>\n\t\t\t<\/div>\n\t\t\n\t\t\t\t\t<div class=\"mkd-team-info\">\n\t\t\t\t\t\t\t\t\t<div class=\"mkd-team-title-holder circle\">\n\t\t\t\t\t\t\t\t\t\t\t\t\t<h5 class=\"mkd-team-name \">\n\t\t\t\t\t\t\t\t<a href=\"https:\/\/kirurgijaplus.hr\/index.php\/doctor\/sanja-pejic-rosko-dr-med\/\" target=\"_blank\">Sanja Peji\u0107 Ro\u0161ko, dr. med.<\/a>\t\t\t\t\t\t\t<\/h5>\n\t\t\t\t\t\t\t\t\t\t\t\t\t\t\t\t\t\t\t<h6 class=\"mkd-team-position \">specijalist pedijatrije, subspecijalist neuropedijatrije.<\/h6>\n\t\t\t\t\t\t\t\t\t\t\t<\/div>\n\t\t\t\t\n\t\t\t\t\n\t<\/div>\n<\/div>\n<\/div>[vc_empty_space height=&#8221;50px&#8221;][\/vc_column][vc_column width=&#8221;1\/2&#8243; offset=&#8221;vc_col-lg-3&#8243;]\n<div class=\"mkd-team\">\n\t<div class=\"mkd-team-inner\">\n\t\t\t\t\t<div class=\"mkd-team-image-holder\">\n\t\t\t\t<div class=\"mkd-team-image\">\n\t\t\t\t\t<img decoding=\"async\" src=\"https:\/\/kirurgijaplus.hr\/wp-content\/uploads\/2026\/02\/stojadinovic.jpg\" alt=\"mkd-team-image\"\/>\n\n\t\t\t\t\t<div class=\"mkd-team-social-holder\">\n\t\t\t\t\t\t<div class=\"mkd-team-social circle\">\n\t\t\t\t\t\t\t<div class=\"mkd-team-social-inner\">\n\n\t\t\t\t\t\t\t\t\n\t<span class=\"mkd-icon-shortcode circle \"  >\n        \t\t<a href=\"https:\/\/www.linkedin.com\" target=\"_blank\" rel=\"noopener\">\n\t\t\t\n\t\t\t<span aria-hidden=\"true\" class=\"mkd-icon-font-elegant social_linkedin mkd-icon-element\" style=\"\" ><\/span>\n\t\t\t\t\t<\/a>\n\t    <\/span>\n\n\t\n\t<span class=\"mkd-icon-shortcode circle \"  >\n        \t\t<a href=\"https:\/\/www.skype.com\" target=\"_blank\" rel=\"noopener\">\n\t\t\t\n\t\t\t<span aria-hidden=\"true\" class=\"mkd-icon-font-elegant social_skype mkd-icon-element\" style=\"\" ><\/span>\n\t\t\t\t\t<\/a>\n\t    <\/span>\n\n\t\n\t<span class=\"mkd-icon-shortcode circle \"  >\n        \t\t<a href=\"https:\/\/twitter.com\" target=\"_blank\" rel=\"noopener\">\n\t\t\t\n\t\t\t<span aria-hidden=\"true\" class=\"mkd-icon-font-elegant social_twitter mkd-icon-element\" style=\"\" ><\/span>\n\t\t\t\t\t<\/a>\n\t    <\/span>\n\n\t\n\t\t\t\t\t\t\t<\/div>\n\t\t\t\t\t\t<\/div>\n\t\t\t\t\t<\/div>\n\t\t\t\t<\/div>\n\t\t\t<\/div>\n\t\t\n\t\t\t\t\t<div class=\"mkd-team-info\">\n\t\t\t\t\t\t\t\t\t<div class=\"mkd-team-title-holder circle\">\n\t\t\t\t\t\t\t\t\t\t\t\t\t<h5 class=\"mkd-team-name \">\n\t\t\t\t\t\t\t\t<a href=\"https:\/\/kirurgijaplus.hr\/index.php\/doctor\/stojadinovic-tomislav-dr-med\/\" target=\"_blank\">Tomislav Stojadinovi\u0107, dr.med.<\/a>\t\t\t\t\t\t\t<\/h5>\n\t\t\t\t\t\t\t\t\t\t\t\t\t\t\t\t\t\t\t<h6 class=\"mkd-team-position \">spec. otorinolaringologije, u\u017ei spec. plasti\u010dne kirurgije glave i vrata.<\/h6>\n\t\t\t\t\t\t\t\t\t\t\t<\/div>\n\t\t\t\t\n\t\t\t\t\n\t<\/div>\n<\/div>\n<\/div>[vc_empty_space height=&#8221;50px&#8221;][\/vc_column][vc_column width=&#8221;1\/2&#8243; offset=&#8221;vc_col-lg-3&#8243;]\n<div class=\"mkd-team\">\n\t<div class=\"mkd-team-inner\">\n\t\t\t\t\t<div class=\"mkd-team-image-holder\">\n\t\t\t\t<div class=\"mkd-team-image\">\n\t\t\t\t\t<img decoding=\"async\" src=\"https:\/\/kirurgijaplus.hr\/wp-content\/uploads\/2026\/02\/Silovic-Josip-dr.-med.-specijalist-kardiologije.jpg\" alt=\"mkd-team-image\"\/>\n\n\t\t\t\t\t<div class=\"mkd-team-social-holder\">\n\t\t\t\t\t\t<div class=\"mkd-team-social circle\">\n\t\t\t\t\t\t\t<div class=\"mkd-team-social-inner\">\n\n\t\t\t\t\t\t\t\t\n\t<span class=\"mkd-icon-shortcode circle \"  >\n        \t\t<a href=\"https:\/\/www.linkedin.com\" target=\"_blank\" rel=\"noopener\">\n\t\t\t\n\t\t\t<span aria-hidden=\"true\" class=\"mkd-icon-font-elegant social_linkedin mkd-icon-element\" style=\"\" ><\/span>\n\t\t\t\t\t<\/a>\n\t    <\/span>\n\n\t\n\t<span class=\"mkd-icon-shortcode circle \"  >\n        \t\t<a href=\"https:\/\/www.skype.com\" target=\"_blank\" rel=\"noopener\">\n\t\t\t\n\t\t\t<span aria-hidden=\"true\" class=\"mkd-icon-font-elegant social_skype mkd-icon-element\" style=\"\" ><\/span>\n\t\t\t\t\t<\/a>\n\t    <\/span>\n\n\t\n\t<span class=\"mkd-icon-shortcode circle \"  >\n        \t\t<a href=\"https:\/\/twitter.com\" target=\"_blank\" rel=\"noopener\">\n\t\t\t\n\t\t\t<span aria-hidden=\"true\" class=\"mkd-icon-font-elegant social_twitter mkd-icon-element\" style=\"\" ><\/span>\n\t\t\t\t\t<\/a>\n\t    <\/span>\n\n\t\n\t\t\t\t\t\t\t<\/div>\n\t\t\t\t\t\t<\/div>\n\t\t\t\t\t<\/div>\n\t\t\t\t<\/div>\n\t\t\t<\/div>\n\t\t\n\t\t\t\t\t<div class=\"mkd-team-info\">\n\t\t\t\t\t\t\t\t\t<div class=\"mkd-team-title-holder circle\">\n\t\t\t\t\t\t\t\t\t\t\t\t\t<h5 class=\"mkd-team-name \">\n\t\t\t\t\t\t\t\t<a href=\"https:\/\/kirurgijaplus.hr\/index.php\/doctor\/silovic-josip-dr-med\/\" target=\"_blank\">Josip Silovi\u0107, dr. med.<\/a>\t\t\t\t\t\t\t<\/h5>\n\t\t\t\t\t\t\t\t\t\t\t\t\t\t\t\t\t\t\t<h6 class=\"mkd-team-position \">specijalist kardiologije.<\/h6>\n\t\t\t\t\t\t\t\t\t\t\t<\/div>\n\t\t\t\t\n\t\t\t\t\n\t<\/div>\n<\/div>\n<\/div>[vc_empty_space height=&#8221;50px&#8221;][\/vc_column][vc_column width=&#8221;1\/2&#8243; offset=&#8221;vc_col-lg-3&#8243;][vc_empty_space height=&#8221;50px&#8221;][\/vc_column][\/vc_row]<\/p>\n","protected":false},"excerpt":{"rendered":"<p>[vc_row][vc_column][vc_single_image image=&#8221;4097&#8243; img_size=&#8221;large&#8221; style=&#8221;vc_box_rounded&#8221;][vc_empty_space][vc_empty_space][vc_custom_heading text=&#8221;ULTRAZVU\u010cNA DIJAGNOSTIKA&#8221; font_container=&#8221;tag:h3|text_align:left&#8221; google_fonts=&#8221;font_family:Montserrat%3Aregular%2C700|font_style:700%20bold%20regular%3A700%3Anormal&#8221;][vc_column_text]U na\u0161oj poliklinici mo\u017eete obaviti bezbolnu i pouzdanu ultrazvu\u010dnu dijagnostiku, sigurnu metodu oslikavanja koja ne koristi ioniziraju\u0107e zra\u010denje ve\u0107 visokofrekventne ultrazvu\u010dne valove za dobivanje \u017eive slike.[\/vc_column_text][vc_custom_heading text=&#8221;DOSTUPNI MODALITETI ULTRAZVU\u010cNE DIJAGNOSTIKE&#8221; font_container=&#8221;tag:h4|text_align:left&#8221; google_fonts=&#8221;font_family:Montserrat%3Aregular%2C700|font_style:700%20bold%20regular%3A700%3Anormal&#8221;][vc_column_text]U Poliklinici Kirurgija plus dostupni su modaliteti&#8230;<\/p>\n","protected":false},"author":1,"featured_media":0,"parent":0,"menu_order":0,"comment_status":"closed","ping_status":"closed","template":"","meta":{"footnotes":""},"class_list":["post-4083","page","type-page","status-publish","hentry"],"_links":{"self":[{"href":"https:\/\/kirurgijaplus.hr\/index.php\/wp-json\/wp\/v2\/pages\/4083","targetHints":{"allow":["GET"]}}],"collection":[{"href":"https:\/\/kirurgijaplus.hr\/index.php\/wp-json\/wp\/v2\/pages"}],"about":[{"href":"https:\/\/kirurgijaplus.hr\/index.php\/wp-json\/wp\/v2\/types\/page"}],"author":[{"embeddable":true,"href":"https:\/\/kirurgijaplus.hr\/index.php\/wp-json\/wp\/v2\/users\/1"}],"replies":[{"embeddable":true,"href":"https:\/\/kirurgijaplus.hr\/index.php\/wp-json\/wp\/v2\/comments?post=4083"}],"version-history":[{"count":6,"href":"https:\/\/kirurgijaplus.hr\/index.php\/wp-json\/wp\/v2\/pages\/4083\/revisions"}],"predecessor-version":[{"id":4100,"href":"https:\/\/kirurgijaplus.hr\/index.php\/wp-json\/wp\/v2\/pages\/4083\/revisions\/4100"}],"wp:attachment":[{"href":"https:\/\/kirurgijaplus.hr\/index.php\/wp-json\/wp\/v2\/media?parent=4083"}],"curies":[{"name":"wp","href":"https:\/\/api.w.org\/{rel}","templated":true}]}}