{"id":4089,"date":"2026-02-05T12:35:02","date_gmt":"2026-02-05T12:35:02","guid":{"rendered":"https:\/\/kirurgijaplus.hr\/?page_id=4089"},"modified":"2026-02-23T18:02:58","modified_gmt":"2026-02-23T18:02:58","slug":"fizikalna-medicina-i-rehabilitacija","status":"publish","type":"page","link":"https:\/\/kirurgijaplus.hr\/index.php\/fizikalna-medicina-i-rehabilitacija\/","title":{"rendered":"Fizikalna medicina i rehabilitacija"},"content":{"rendered":"<p>[vc_row][vc_column][vc_single_image image=&#8221;4027&#8243; img_size=&#8221;large&#8221; style=&#8221;vc_box_rounded&#8221;][vc_empty_space][vc_empty_space][vc_custom_heading text=&#8221;FIZIKALNA MEDICINA I REHABILITACIJA&#8221; font_container=&#8221;tag:h3|text_align:left&#8221; google_fonts=&#8221;font_family:Montserrat%3Aregular%2C700|font_style:700%20bold%20regular%3A700%3Anormal&#8221;][vc_column_text]Fizikalna medicina i rehabilitacija je grana medicine koja ima za cilj pobolj\u0161ati i vratiti funkcionalnu sposobnost i kvalitetu \u017eivota na one s tjelesnim o\u0161te\u0107enjima ili invaliditetom.<\/p>\n<p>Fizioterapeuti poliklinike provode individualne rehabilitacijske programe, odnosno prilago\u0111avaju ih svakom pacijentu, ovisno o tegobama.<\/p>\n<p>Cilj ovakvih programa fizikalne i medicinske rehabilitacije je odr\u017eavanje optimalne tjelesne, psihi\u010dke i socijalne sposobnosti u skladu sa zdravstvenim stanjem, ali i potrebama i \u017eeljama svakog pacijenta.<\/p>\n<p>Bol, uko\u010denost i otekline naj\u010de\u0161\u0107i su razlozi da se s povjerenjem obratite timu fizikalne medicine i rehabilitacije koji svim svojim znanjem i bogatim iskustvom \u010dine fizijatri i fizioterapeuti, a po potrebi i uz suradnju ortopeda, neurokirurga i nutricionista.<\/p>\n<p>Terapija se uspostavlja nakon provedenog specijalisti\u010dkog pregleda i upoznavanja s prethodnom lije\u010dni\u010dkom dokumentacijom. Najmoderniji ure\u0111aji i metode fizikalne terapije i rehabilitacije.<\/p>\n<p><strong>Na\u0161 lije\u010dnik:<\/strong><br \/>\nBeni\u0107-Marti\u0107 Paulina, dr. med. specijalist fizikalne medicine i rehabilitacije<\/p>\n<p><strong>Fizioterapeuti:<\/strong><\/p>\n<ul>\n<li>Hrvoje Ba\u0161i\u0107<\/li>\n<li>Tea Marti\u0107<\/li>\n<\/ul>\n<p>[\/vc_column_text][vc_empty_space][vc_zigzag][vc_empty_space][\/vc_column][\/vc_row][vc_row content_width=&#8221;grid&#8221; content_aligment=&#8221;center&#8221; css=&#8221;.vc_custom_1467019302797{padding-top: 103px !important;padding-bottom: 55px !important;}&#8221;][vc_column]<div class=\"mkd-section-title-holder\">\n\t<h2 class=\"mkd-section-title\" style=\"color: #373737;text-transform: uppercase;text-align: center\">\n\tNA\u0160 STRU\u010cNI TIM<\/h2>\n<\/div>[vc_empty_space]<div class=\"mkd-section-subtitle-holder mkd-section-subtitle-center\" style=\"width: 80%\">\n\t<p style=\"text-align: center;\" class=\"mkd-section-subtitle\">Fizikalna medicina i rehabilitacija, fizikalna terapija<\/p>\n<\/div>[\/vc_column][\/vc_row][vc_row content_width=&#8221;grid&#8221; css=&#8221;.vc_custom_1470129511103{padding-top: 46px !important;background-color: #f7f7f7 !important;}&#8221;][vc_column width=&#8221;1\/2&#8243; offset=&#8221;vc_col-lg-3&#8243;]\n<div class=\"mkd-team\">\n\t<div class=\"mkd-team-inner\">\n\t\t\t\t\t<div class=\"mkd-team-image-holder\">\n\t\t\t\t<div class=\"mkd-team-image\">\n\t\t\t\t\t<img decoding=\"async\" src=\"https:\/\/kirurgijaplus.hr\/wp-content\/uploads\/2026\/02\/Paulina-Benic-Martic.jpg\" alt=\"mkd-team-image\"\/>\n\n\t\t\t\t\t<div class=\"mkd-team-social-holder\">\n\t\t\t\t\t\t<div class=\"mkd-team-social circle\">\n\t\t\t\t\t\t\t<div class=\"mkd-team-social-inner\">\n\n\t\t\t\t\t\t\t\t\n\t<span class=\"mkd-icon-shortcode circle \"  >\n        \t\t<a href=\"https:\/\/www.linkedin.com\" target=\"_blank\" rel=\"noopener\">\n\t\t\t\n\t\t\t<span aria-hidden=\"true\" class=\"mkd-icon-font-elegant social_linkedin mkd-icon-element\" style=\"\" ><\/span>\n\t\t\t\t\t<\/a>\n\t    <\/span>\n\n\t\n\t<span class=\"mkd-icon-shortcode circle \"  >\n        \t\t<a href=\"https:\/\/www.skype.com\" target=\"_blank\" rel=\"noopener\">\n\t\t\t\n\t\t\t<span aria-hidden=\"true\" class=\"mkd-icon-font-elegant social_skype mkd-icon-element\" style=\"\" ><\/span>\n\t\t\t\t\t<\/a>\n\t    <\/span>\n\n\t\n\t<span class=\"mkd-icon-shortcode circle \"  >\n        \t\t<a href=\"https:\/\/twitter.com\" target=\"_blank\" rel=\"noopener\">\n\t\t\t\n\t\t\t<span aria-hidden=\"true\" class=\"mkd-icon-font-elegant social_twitter mkd-icon-element\" style=\"\" ><\/span>\n\t\t\t\t\t<\/a>\n\t    <\/span>\n\n\t\n\t\t\t\t\t\t\t<\/div>\n\t\t\t\t\t\t<\/div>\n\t\t\t\t\t<\/div>\n\t\t\t\t<\/div>\n\t\t\t<\/div>\n\t\t\n\t\t\t\t\t<div class=\"mkd-team-info\">\n\t\t\t\t\t\t\t\t\t<div class=\"mkd-team-title-holder circle\">\n\t\t\t\t\t\t\t\t\t\t\t\t\t<h5 class=\"mkd-team-name \">\n\t\t\t\t\t\t\t\t<a href=\"https:\/\/kirurgijaplus.hr\/index.php\/doctor\/paulina-benic-martic-dr-med\/\" target=\"_blank\">Paulina Beni\u0107-Marti\u0107, dr. med.<\/a>\t\t\t\t\t\t\t<\/h5>\n\t\t\t\t\t\t\t\t\t\t\t\t\t\t\t\t\t\t\t<h6 class=\"mkd-team-position \">specijalist fizikalne medicine i rehabilitacije.<\/h6>\n\t\t\t\t\t\t\t\t\t\t\t<\/div>\n\t\t\t\t\n\t\t\t\t\n\t<\/div>\n<\/div>\n<\/div>[vc_empty_space height=&#8221;50px&#8221;][\/vc_column][vc_column width=&#8221;1\/2&#8243; offset=&#8221;vc_col-lg-3&#8243;]\n<div class=\"mkd-team\">\n\t<div class=\"mkd-team-inner\">\n\t\t\t\t\t<div class=\"mkd-team-image-holder\">\n\t\t\t\t<div class=\"mkd-team-image\">\n\t\t\t\t\t<img decoding=\"async\" src=\"https:\/\/kirurgijaplus.hr\/wp-content\/uploads\/2026\/02\/Hrvoje-Basic-mag.physioth.jpg\" alt=\"mkd-team-image\"\/>\n\n\t\t\t\t\t<div class=\"mkd-team-social-holder\">\n\t\t\t\t\t\t<div class=\"mkd-team-social circle\">\n\t\t\t\t\t\t\t<div class=\"mkd-team-social-inner\">\n\n\t\t\t\t\t\t\t\t\n\t<span class=\"mkd-icon-shortcode circle \"  >\n        \t\t<a href=\"https:\/\/www.linkedin.com\" target=\"_blank\" rel=\"noopener\">\n\t\t\t\n\t\t\t<span aria-hidden=\"true\" class=\"mkd-icon-font-elegant social_linkedin mkd-icon-element\" style=\"\" ><\/span>\n\t\t\t\t\t<\/a>\n\t    <\/span>\n\n\t\n\t<span class=\"mkd-icon-shortcode circle \"  >\n        \t\t<a href=\"https:\/\/www.skype.com\" target=\"_blank\" rel=\"noopener\">\n\t\t\t\n\t\t\t<span aria-hidden=\"true\" class=\"mkd-icon-font-elegant social_skype mkd-icon-element\" style=\"\" ><\/span>\n\t\t\t\t\t<\/a>\n\t    <\/span>\n\n\t\n\t<span class=\"mkd-icon-shortcode circle \"  >\n        \t\t<a href=\"https:\/\/twitter.com\" target=\"_blank\" rel=\"noopener\">\n\t\t\t\n\t\t\t<span aria-hidden=\"true\" class=\"mkd-icon-font-elegant social_twitter mkd-icon-element\" style=\"\" ><\/span>\n\t\t\t\t\t<\/a>\n\t    <\/span>\n\n\t\n\t\t\t\t\t\t\t<\/div>\n\t\t\t\t\t\t<\/div>\n\t\t\t\t\t<\/div>\n\t\t\t\t<\/div>\n\t\t\t<\/div>\n\t\t\n\t\t\t\t\t<div class=\"mkd-team-info\">\n\t\t\t\t\t\t\t\t\t<div class=\"mkd-team-title-holder circle\">\n\t\t\t\t\t\t\t\t\t\t\t\t\t<h5 class=\"mkd-team-name \">\n\t\t\t\t\t\t\t\t<a href=\"https:\/\/kirurgijaplus.hr\/index.php\/doctor\/hrvoje-basic\/\" target=\"_blank\">Hrvoje Ba\u0161i\u0107, mag.physioth.<\/a>\t\t\t\t\t\t\t<\/h5>\n\t\t\t\t\t\t\t\t\t\t\t\t\t\t\t\t\t\t\t<h6 class=\"mkd-team-position \">Magistar fizioterapije<\/h6>\n\t\t\t\t\t\t\t\t\t\t\t<\/div>\n\t\t\t\t\n\t\t\t\t\n\t<\/div>\n<\/div>\n<\/div>[vc_empty_space height=&#8221;50px&#8221;][\/vc_column][vc_column width=&#8221;1\/2&#8243; offset=&#8221;vc_col-lg-3&#8243;]\n<div class=\"mkd-team\">\n\t<div class=\"mkd-team-inner\">\n\t\t\t\t\t<div class=\"mkd-team-image-holder\">\n\t\t\t\t<div class=\"mkd-team-image\">\n\t\t\t\t\t<img decoding=\"async\" src=\"https:\/\/kirurgijaplus.hr\/wp-content\/uploads\/2026\/02\/Tea-Martic-bacc.physioth.jpg\" alt=\"mkd-team-image\"\/>\n\n\t\t\t\t\t<div class=\"mkd-team-social-holder\">\n\t\t\t\t\t\t<div class=\"mkd-team-social circle\">\n\t\t\t\t\t\t\t<div class=\"mkd-team-social-inner\">\n\n\t\t\t\t\t\t\t\t\n\t<span class=\"mkd-icon-shortcode circle \"  >\n        \t\t<a href=\"https:\/\/www.linkedin.com\" target=\"_blank\" rel=\"noopener\">\n\t\t\t\n\t\t\t<span aria-hidden=\"true\" class=\"mkd-icon-font-elegant social_linkedin mkd-icon-element\" style=\"\" ><\/span>\n\t\t\t\t\t<\/a>\n\t    <\/span>\n\n\t\n\t<span class=\"mkd-icon-shortcode circle \"  >\n        \t\t<a href=\"https:\/\/www.skype.com\" target=\"_blank\" rel=\"noopener\">\n\t\t\t\n\t\t\t<span aria-hidden=\"true\" class=\"mkd-icon-font-elegant social_skype mkd-icon-element\" style=\"\" ><\/span>\n\t\t\t\t\t<\/a>\n\t    <\/span>\n\n\t\n\t<span class=\"mkd-icon-shortcode circle \"  >\n        \t\t<a href=\"https:\/\/twitter.com\" target=\"_blank\" rel=\"noopener\">\n\t\t\t\n\t\t\t<span aria-hidden=\"true\" class=\"mkd-icon-font-elegant social_twitter mkd-icon-element\" style=\"\" ><\/span>\n\t\t\t\t\t<\/a>\n\t    <\/span>\n\n\t\n\t\t\t\t\t\t\t<\/div>\n\t\t\t\t\t\t<\/div>\n\t\t\t\t\t<\/div>\n\t\t\t\t<\/div>\n\t\t\t<\/div>\n\t\t\n\t\t\t\t\t<div class=\"mkd-team-info\">\n\t\t\t\t\t\t\t\t\t<div class=\"mkd-team-title-holder circle\">\n\t\t\t\t\t\t\t\t\t\t\t\t\t<h5 class=\"mkd-team-name \">\n\t\t\t\t\t\t\t\t<a href=\"https:\/\/kirurgijaplus.hr\/index.php\/doctor\/tea-martic-bacc-physioth\/\" target=\"_blank\">Tea Marti\u0107, bacc.physioth.<\/a>\t\t\t\t\t\t\t<\/h5>\n\t\t\t\t\t\t\t\t\t\t\t\t\t\t\t\t\t\t\t<h6 class=\"mkd-team-position \">Prvostupnica fizioterapije<\/h6>\n\t\t\t\t\t\t\t\t\t\t\t<\/div>\n\t\t\t\t\n\t\t\t\t\n\t<\/div>\n<\/div>\n<\/div>[vc_empty_space height=&#8221;50px&#8221;][\/vc_column][vc_column width=&#8221;1\/2&#8243; offset=&#8221;vc_col-lg-3&#8243;][vc_empty_space height=&#8221;50px&#8221;][\/vc_column][\/vc_row]<\/p>\n","protected":false},"excerpt":{"rendered":"<p>[vc_row][vc_column][vc_single_image image=&#8221;4027&#8243; img_size=&#8221;large&#8221; style=&#8221;vc_box_rounded&#8221;][vc_empty_space][vc_empty_space][vc_custom_heading text=&#8221;FIZIKALNA MEDICINA I REHABILITACIJA&#8221; font_container=&#8221;tag:h3|text_align:left&#8221; google_fonts=&#8221;font_family:Montserrat%3Aregular%2C700|font_style:700%20bold%20regular%3A700%3Anormal&#8221;][vc_column_text]Fizikalna medicina i rehabilitacija je grana medicine koja ima za cilj pobolj\u0161ati i vratiti funkcionalnu sposobnost i kvalitetu \u017eivota na one s tjelesnim o\u0161te\u0107enjima ili invaliditetom. Fizioterapeuti poliklinike provode individualne rehabilitacijske programe, odnosno prilago\u0111avaju ih svakom&#8230;<\/p>\n","protected":false},"author":1,"featured_media":0,"parent":0,"menu_order":0,"comment_status":"closed","ping_status":"closed","template":"","meta":{"footnotes":""},"class_list":["post-4089","page","type-page","status-publish","hentry"],"_links":{"self":[{"href":"https:\/\/kirurgijaplus.hr\/index.php\/wp-json\/wp\/v2\/pages\/4089","targetHints":{"allow":["GET"]}}],"collection":[{"href":"https:\/\/kirurgijaplus.hr\/index.php\/wp-json\/wp\/v2\/pages"}],"about":[{"href":"https:\/\/kirurgijaplus.hr\/index.php\/wp-json\/wp\/v2\/types\/page"}],"author":[{"embeddable":true,"href":"https:\/\/kirurgijaplus.hr\/index.php\/wp-json\/wp\/v2\/users\/1"}],"replies":[{"embeddable":true,"href":"https:\/\/kirurgijaplus.hr\/index.php\/wp-json\/wp\/v2\/comments?post=4089"}],"version-history":[{"count":6,"href":"https:\/\/kirurgijaplus.hr\/index.php\/wp-json\/wp\/v2\/pages\/4089\/revisions"}],"predecessor-version":[{"id":4324,"href":"https:\/\/kirurgijaplus.hr\/index.php\/wp-json\/wp\/v2\/pages\/4089\/revisions\/4324"}],"wp:attachment":[{"href":"https:\/\/kirurgijaplus.hr\/index.php\/wp-json\/wp\/v2\/media?parent=4089"}],"curies":[{"name":"wp","href":"https:\/\/api.w.org\/{rel}","templated":true}]}}