{"id":4118,"date":"2026-02-05T13:44:43","date_gmt":"2026-02-05T13:44:43","guid":{"rendered":"https:\/\/kirurgijaplus.hr\/?page_id=4118"},"modified":"2026-02-05T13:50:12","modified_gmt":"2026-02-05T13:50:12","slug":"nase-usluge-2","status":"publish","type":"page","link":"https:\/\/kirurgijaplus.hr\/index.php\/nase-usluge-2\/","title":{"rendered":"Na\u0161e usluge"},"content":{"rendered":"<p>[vc_row content_width=&#8221;grid&#8221; css=&#8221;.vc_custom_1466595560778{padding-top: 105px !important;background-color: #ffffff !important;}&#8221;][vc_column][vc_row_inner][vc_column_inner width=&#8221;1\/3&#8243;][vc_single_image image=&#8221;4023&#8243; img_size=&#8221;full&#8221; style=&#8221;vc_box_rounded&#8221; onclick=&#8221;custom_link&#8221; link=&#8221;https:\/\/kirurgijaplus.hr\/index.php\/opca-kirurgija-ortopedija-i-traumatologija-vaskularna-kirurgija-neurokirurgija\/&#8221;][vc_custom_heading text=&#8221;Op\u0107a kirurgija, ortopedija i traumatologija, vaskularna kirurgija, neurokirurgija&#8221; font_container=&#8221;tag:h5|text_align:left&#8221; google_fonts=&#8221;font_family:Montserrat%3Aregular%2C700|font_style:700%20bold%20regular%3A700%3Anormal&#8221; link=&#8221;url:https%3A%2F%2Fkirurgijaplus.hr%2Findex.php%2Fplasticna-i-estetska-kirurgija%2F&#8221;][vc_empty_space height=&#8221;60&#8243;][\/vc_column_inner][vc_column_inner width=&#8221;1\/3&#8243;][vc_single_image image=&#8221;4024&#8243; img_size=&#8221;full&#8221; style=&#8221;vc_box_rounded&#8221; onclick=&#8221;custom_link&#8221; link=&#8221;https:\/\/kirurgijaplus.hr\/index.php\/plasticna-i-estetska-kirurgija\/&#8221;][vc_custom_heading text=&#8221;Plasti\u010dna i estetska medicina i kirurgija&#8221; font_container=&#8221;tag:h5|text_align:left&#8221; google_fonts=&#8221;font_family:Montserrat%3Aregular%2C700|font_style:700%20bold%20regular%3A700%3Anormal&#8221; link=&#8221;url:https%3A%2F%2Fkirurgijaplus.hr%2Findex.php%2Fplasticna-i-estetska-kirurgija%2F&#8221;][vc_empty_space height=&#8221;60&#8243;][\/vc_column_inner][vc_column_inner width=&#8221;1\/3&#8243;][vc_single_image image=&#8221;4025&#8243; img_size=&#8221;full&#8221; style=&#8221;vc_box_rounded&#8221; onclick=&#8221;custom_link&#8221; link=&#8221;https:\/\/kirurgijaplus.hr\/index.php\/interna-medicina-i-kardiologija\/&#8221;][vc_custom_heading text=&#8221;Interna medicina i kardiologija&#8221; font_container=&#8221;tag:h5|text_align:left&#8221; google_fonts=&#8221;font_family:Montserrat%3Aregular%2C700|font_style:700%20bold%20regular%3A700%3Anormal&#8221; link=&#8221;url:https%3A%2F%2Fkirurgijaplus.hr%2Findex.php%2Finterna-medicina-i-kardiologija%2F&#8221;][vc_empty_space height=&#8221;60&#8243;][\/vc_column_inner][\/vc_row_inner][vc_row_inner][vc_column_inner width=&#8221;1\/3&#8243;][vc_single_image image=&#8221;4097&#8243; img_size=&#8221;full&#8221; style=&#8221;vc_box_rounded&#8221; onclick=&#8221;custom_link&#8221; link=&#8221;https:\/\/kirurgijaplus.hr\/index.php\/uzv-dijagnostika\/&#8221;][vc_custom_heading text=&#8221;UZV dijagnostika&#8221; font_container=&#8221;tag:h5|text_align:left&#8221; google_fonts=&#8221;font_family:Montserrat%3Aregular%2C700|font_style:700%20bold%20regular%3A700%3Anormal&#8221; link=&#8221;url:https%3A%2F%2Fkirurgijaplus.hr%2Findex.php%2Fuzv-dijagnostika%2F&#8221;][vc_empty_space height=&#8221;60&#8243;][\/vc_column_inner][vc_column_inner width=&#8221;1\/3&#8243;][vc_single_image image=&#8221;4027&#8243; img_size=&#8221;full&#8221; style=&#8221;vc_box_rounded&#8221; onclick=&#8221;custom_link&#8221; link=&#8221;https:\/\/kirurgijaplus.hr\/index.php\/fizikalna-medicina-i-rehabilitacija\/&#8221;][vc_custom_heading text=&#8221;Fizikalna medicina i rehabilitacija, fizikalna terapija&#8221; font_container=&#8221;tag:h5|text_align:left&#8221; google_fonts=&#8221;font_family:Montserrat%3Aregular%2C700|font_style:700%20bold%20regular%3A700%3Anormal&#8221;][vc_empty_space height=&#8221;60&#8243;][\/vc_column_inner][vc_column_inner width=&#8221;1\/3&#8243;][\/vc_column_inner][\/vc_row_inner][\/vc_column][\/vc_row][vc_row content_width=&#8221;grid&#8221; css=&#8221;.vc_custom_1469172777537{padding-top: 97px !important;padding-bottom: 65px !important;background-color: #ffffff !important;}&#8221;][vc_column][vc_row_inner][vc_column_inner offset=&#8221;vc_col-lg-6 vc_col-md-12&#8243;][vc_empty_space height=&#8221;15px&#8221;]<div class=\"mkd-booking-form mkd-bf-layout-vertical light \"\r\n     data-depts-doctors=\"{&quot;Fizikalna medicina i rehabilitacija&quot;:[&quot;Hrvoje Ba\\u0161i\\u0107, mag.physioth.&quot;,&quot;Ozren Pehar, dr. med.&quot;,&quot;Paulina Beni\\u0107-Marti\\u0107, dr. med.&quot;,&quot;Tea Marti\\u0107, bacc.physioth.&quot;],&quot;Interna medicina i kardiologija&quot;:[&quot;Gorana Pavkovi\\u0107, dr.med.&quot;,&quot;Josip Silovi\\u0107, dr. med.&quot;],&quot;Op\\u0107a kirurgija&quot;:[&quot;Antun Martinovi\\u0107, dr.med.&quot;,&quot;Damir Ro\\u0161ko, dr. med.&quot;,&quot;Danko Smiljani\\u0107, dr.med.&quot;,&quot;Doc. dr. sc. prim. Hrvoje Palenki\\u0107, dr. med.&quot;,&quot;Dominik Bano, dr.med.&quot;,&quot;Ivan Samard\\u017ei\\u0107, dr. med.&quot;,&quot;Marina Majhen, bacc. med. techn.&quot;],&quot;Plasti\\u010dna i estetska medicina i kirurgija&quot;:[&quot;Damir Ro\\u0161ko, dr. med.&quot;,&quot;Ivana Jovanovi\\u0107 Milo\\u0161evi\\u0107, dr.med.&quot;,&quot;Tomislav Stojadinovi\\u0107, dr.med.&quot;],&quot;UZV dijagnostika&quot;:[&quot;Antun Martinovi\\u0107, dr.med.&quot;,&quot;Dominik Bano, dr.med.&quot;,&quot;Eugen Sadlo, dr. med.&quot;,&quot;Josip Silovi\\u0107, dr. med.&quot;,&quot;Ozren Pehar, dr. med.&quot;,&quot;Sanja Peji\\u0107 Ro\\u0161ko, dr. med.&quot;,&quot;Tomislav Stojadinovi\\u0107, dr.med.&quot;]}\">\r\n\r\n\t\r\n\t<div class=\"mkd-booking-form-inner \">\r\n\r\n\t\t\r\n\t\t\r\n\t\t<div class=\"mkd-bf-form-fields mkd-bf-columns-2\">\r\n\t\t\t<form method=\"POST\">\r\n\r\n\t\t\t\t<!-- Odjel -->\r\n\t\t\t\t<div class=\"mkd-bf-form-item mkd-bf-narrow\">\r\n\t\t\t\t\t<select class=\"mkd-bf-select-field mkd-bf-select-department\" name=\"mkd-booking-department\">\r\n\t\t\t\t\t\t<option value=\"\">\r\n\t\t\t\t\t\t\tOdaberite odjel\t\t\t\t\t\t<\/option>\r\n\t\t\t\t\t\t\t\t\t\t\t\t\t<option value=\"Fizikalna medicina i rehabilitacija\">Fizikalna medicina i rehabilitacija<\/option>\r\n\t\t\t\t\t\t\t\t\t\t\t\t\t<option value=\"Interna medicina i kardiologija\">Interna medicina i kardiologija<\/option>\r\n\t\t\t\t\t\t\t\t\t\t\t\t\t<option value=\"Op\u0107a kirurgija\">Op\u0107a kirurgija<\/option>\r\n\t\t\t\t\t\t\t\t\t\t\t\t\t<option value=\"Plasti\u010dna i estetska medicina i kirurgija\">Plasti\u010dna i estetska medicina i kirurgija<\/option>\r\n\t\t\t\t\t\t\t\t\t\t\t\t\t<option value=\"UZV dijagnostika\">UZV dijagnostika<\/option>\r\n\t\t\t\t\t\t\t\t\t\t\t<\/select>\r\n\t\t\t\t<\/div>\r\n\r\n\t\t\t\t<!-- \u2705 Doktor uklonjen -->\r\n\t\t\t\t<!-- \u2705 Datum uklonjen -->\r\n\t\t\t\t<!-- \u2705 Vrijeme uklonjeno -->\r\n\r\n\t\t\t\t<!-- Ime i prezime -->\r\n\t\t\t\t<div class=\"mkd-bf-form-item mkd-bf-name mkd-bf-narrow\">\r\n\t\t\t\t\t<input type=\"text\"\r\n\t\t\t\t\t       class=\"mkd-bf-input-name\"\r\n\t\t\t\t\t       name=\"mkd-booking-name\"\r\n\t\t\t\t\t       placeholder=\"Ime i prezime\">\r\n\t\t\t\t<\/div>\r\n\r\n\t\t\t\t<!-- Telefon (wide da raspored bude uredan) -->\r\n\t\t\t\t<div class=\"mkd-bf-form-item mkd-bf-contact mkd-bf-wide\">\r\n\t\t\t\t\t<input type=\"text\"\r\n\t\t\t\t\t       class=\"mkd-bf-input-contact\"\r\n\t\t\t\t\t       name=\"mkd-booking-contact\"\r\n\t\t\t\t\t       placeholder=\"Telefon\">\r\n\t\t\t\t<\/div>\r\n\r\n\t\t\t\t\t\t\t\t\t<!-- Poruka \/ napomena -->\r\n\t\t\t\t\t<div class=\"mkd-bf-form-item mkd-bf-wide\">\r\n\t\t\t\t\t\t<textarea class=\"mkd-bf-input-request\"\r\n\t\t\t\t\t\t          name=\"mkd-booking-request\"\r\n\t\t\t\t\t\t          placeholder=\"Poruka \/ napomena...\"><\/textarea>\r\n\t\t\t\t\t<\/div>\r\n\t\t\t\t\r\n\t\t\t\t<span class=\"nonce\"><input type=\"hidden\" id=\"mkd_nonce_booking_form_904768977\" name=\"mkd_nonce_booking_form_904768977\" value=\"e59f6f6843\" \/><input type=\"hidden\" name=\"_wp_http_referer\" value=\"\/index.php\/wp-json\/wp\/v2\/pages\/4118\" \/><\/span>\r\n\t\t\t\t<script type=\"application\/javascript\">if (typeof MikadoAjaxUrl === \"undefined\") {var MikadoAjaxUrl = \"https:\/\/kirurgijaplus.hr\/wp-admin\/admin-ajax.php\"; }<\/script>\r\n\t\t\t\t\t\t\t\t\t<div class=\"mkd-bf-form-response-holder\"><\/div>\r\n\t\t\t\t\r\n\t\t\t\t<div class=\"mkd-bf-form-button\">\r\n\t\t\t\t\t<input type=\"submit\" name=\"mkd-booking-submit\" value=\"Po\u0161alji\"  class=\"mkd-btn mkd-btn-small mkd-btn-solid mkd-btn-hover-outline\"  data-sending-label=\"\u0160aljem...\" \/>\t\t\t\t<\/div>\r\n\r\n\t\t\t\t\r\n\t\t\t<\/form>\r\n\t\t<\/div>\r\n\r\n\t<\/div>\r\n<\/div>\r\n[vc_empty_space height=&#8221;50px&#8221;][\/vc_column_inner][vc_column_inner offset=&#8221;vc_col-lg-6 vc_col-md-12&#8243;][vc_column_text]<\/p>\n<h3>Rezervirajte termin<\/h3>\n<p>[\/vc_column_text][vc_empty_space height=&#8221;5px&#8221;][vc_column_text]<\/p>\n<p data-start=\"482\" data-end=\"687\">Za najto\u010dnije i najkorisnije informacije o na\u0161im medicinskim uslugama preporu\u010dujemo da se naru\u010dite na osobni pregled ili konzultacije. Proces naru\u010divanja osmi\u0161ljen je jednostavno i prilago\u0111eno pacijentima.<\/p>\n<p data-start=\"689\" data-end=\"1000\">Nakon \u0161to po\u0161aljete zahtjev putem obrasca za naru\u010divanje, na\u0161 tim \u0107e vas u najkra\u0107em mogu\u0107em roku kontaktirati kako bismo dogovorili termin pregleda koji vam najvi\u0161e odgovara. Tijekom kontakta provjeravamo dostupnost lije\u010dnika, vrstu pregleda te sve dodatne informacije va\u017ene za kvalitetnu organizaciju termina.<\/p>\n<p data-start=\"1002\" data-end=\"1246\">Na samom pregledu lije\u010dnik \u0107e odvojiti dovoljno vremena za razgovor, upoznati se s va\u0161im zdravstvenim potrebama i po potrebi predlo\u017eiti dodatne dijagnosti\u010dke postupke ili terapijske opcije. Sve informacije bit \u0107e vam jasno i stru\u010dno obja\u0161njene.<\/p>\n<p data-start=\"1248\" data-end=\"1409\">U slu\u010daju potrebe, tijekom konzultacija mogu\u0107e je dogovoriti daljnje preglede, zahvate ili terapije, kao i dobiti informacije o cijenama i mogu\u0107nostima pla\u0107anja.<\/p>\n<p>[\/vc_column_text][vc_empty_space height=&#8221;50px&#8221;][\/vc_column_inner][\/vc_row_inner][\/vc_column][\/vc_row]<\/p>\n","protected":false},"excerpt":{"rendered":"<p>[vc_row content_width=&#8221;grid&#8221; css=&#8221;.vc_custom_1466595560778{padding-top: 105px !important;background-color: #ffffff !important;}&#8221;][vc_column][vc_row_inner][vc_column_inner width=&#8221;1\/3&#8243;][vc_single_image image=&#8221;4023&#8243; img_size=&#8221;full&#8221; style=&#8221;vc_box_rounded&#8221; onclick=&#8221;custom_link&#8221; link=&#8221;https:\/\/kirurgijaplus.hr\/index.php\/opca-kirurgija-ortopedija-i-traumatologija-vaskularna-kirurgija-neurokirurgija\/&#8221;][vc_custom_heading text=&#8221;Op\u0107a kirurgija, ortopedija i traumatologija, vaskularna kirurgija, neurokirurgija&#8221; font_container=&#8221;tag:h5|text_align:left&#8221; google_fonts=&#8221;font_family:Montserrat%3Aregular%2C700|font_style:700%20bold%20regular%3A700%3Anormal&#8221; link=&#8221;url:https%3A%2F%2Fkirurgijaplus.hr%2Findex.php%2Fplasticna-i-estetska-kirurgija%2F&#8221;][vc_empty_space height=&#8221;60&#8243;][\/vc_column_inner][vc_column_inner width=&#8221;1\/3&#8243;][vc_single_image image=&#8221;4024&#8243; img_size=&#8221;full&#8221; style=&#8221;vc_box_rounded&#8221; onclick=&#8221;custom_link&#8221; link=&#8221;https:\/\/kirurgijaplus.hr\/index.php\/plasticna-i-estetska-kirurgija\/&#8221;][vc_custom_heading text=&#8221;Plasti\u010dna i estetska medicina i kirurgija&#8221; font_container=&#8221;tag:h5|text_align:left&#8221; google_fonts=&#8221;font_family:Montserrat%3Aregular%2C700|font_style:700%20bold%20regular%3A700%3Anormal&#8221; link=&#8221;url:https%3A%2F%2Fkirurgijaplus.hr%2Findex.php%2Fplasticna-i-estetska-kirurgija%2F&#8221;][vc_empty_space height=&#8221;60&#8243;][\/vc_column_inner][vc_column_inner width=&#8221;1\/3&#8243;][vc_single_image image=&#8221;4025&#8243; img_size=&#8221;full&#8221; style=&#8221;vc_box_rounded&#8221;&#8230;<\/p>\n","protected":false},"author":1,"featured_media":0,"parent":0,"menu_order":0,"comment_status":"closed","ping_status":"closed","template":"","meta":{"footnotes":""},"class_list":["post-4118","page","type-page","status-publish","hentry"],"_links":{"self":[{"href":"https:\/\/kirurgijaplus.hr\/index.php\/wp-json\/wp\/v2\/pages\/4118","targetHints":{"allow":["GET"]}}],"collection":[{"href":"https:\/\/kirurgijaplus.hr\/index.php\/wp-json\/wp\/v2\/pages"}],"about":[{"href":"https:\/\/kirurgijaplus.hr\/index.php\/wp-json\/wp\/v2\/types\/page"}],"author":[{"embeddable":true,"href":"https:\/\/kirurgijaplus.hr\/index.php\/wp-json\/wp\/v2\/users\/1"}],"replies":[{"embeddable":true,"href":"https:\/\/kirurgijaplus.hr\/index.php\/wp-json\/wp\/v2\/comments?post=4118"}],"version-history":[{"count":4,"href":"https:\/\/kirurgijaplus.hr\/index.php\/wp-json\/wp\/v2\/pages\/4118\/revisions"}],"predecessor-version":[{"id":4122,"href":"https:\/\/kirurgijaplus.hr\/index.php\/wp-json\/wp\/v2\/pages\/4118\/revisions\/4122"}],"wp:attachment":[{"href":"https:\/\/kirurgijaplus.hr\/index.php\/wp-json\/wp\/v2\/media?parent=4118"}],"curies":[{"name":"wp","href":"https:\/\/api.w.org\/{rel}","templated":true}]}}