{"id":654,"date":"2016-06-22T08:03:42","date_gmt":"2016-06-22T08:03:42","guid":{"rendered":"http:\/\/medigroup.mikado-themes.com\/?page_id=654"},"modified":"2026-02-23T12:28:43","modified_gmt":"2026-02-23T12:28:43","slug":"main-home","status":"publish","type":"page","link":"https:\/\/kirurgijaplus.hr\/","title":{"rendered":"Po\u010detna"},"content":{"rendered":"<p>[vc_row][vc_column][rev_slider_vc alias=&#8221;poc&#8221;][\/vc_column][\/vc_row][vc_row content_width=&#8221;grid&#8221;][vc_column][vc_row_inner css=&#8221;.vc_custom_1466594224899{margin-top: -85px !important;margin-right: 0px !important;margin-left: 0px !important;background-color: #ffffff !important;}&#8221;][vc_column_inner css=&#8221;.vc_custom_1466667921732{margin-top: 40px !important;margin-bottom: 45px !important;border-right-width: 1px !important;padding-top: 10px !important;padding-right: 60px !important;padding-bottom: 17px !important;padding-left: 50px !important;border-right-color: #eae9e9 !important;border-right-style: solid !important;}&#8221; offset=&#8221;vc_col-lg-4 vc_col-md-12&#8243;]\n<h4 class=\"mkd-custom-font-holder\" style=\"line-height: 18px;font-weight: 400;text-transform: Capitalize;color: #3498db\" data-line-height= 18>\nVrhunski lije\u010dnici<\/h4>[vc_column_text]<\/p>\n<h4>Pacijent je uvijek na prvom mjestu<\/h4>\n<p>[\/vc_column_text][vc_empty_space height=&#8221;5px&#8221;][vc_column_text]Na\u0161 tim \u010dine iskusni specijalisti razli\u010ditih podru\u010dja medicine koji kontinuirano prate razvoj struke i primjenjuju suvremene metode lije\u010denja.[\/vc_column_text][\/vc_column_inner][vc_column_inner css=&#8221;.vc_custom_1466667930361{margin-top: 40px !important;margin-bottom: 45px !important;border-right-width: 1px !important;padding-top: 10px !important;padding-right: 60px !important;padding-bottom: 17px !important;padding-left: 50px !important;border-right-color: #eae9e9 !important;border-right-style: solid !important;}&#8221; offset=&#8221;vc_col-lg-4 vc_col-md-12&#8243;]\n<h4 class=\"mkd-custom-font-holder\" style=\"line-height: 18px;font-weight: 400;text-transform: Capitalize;color: #3498db\" data-line-height= 18>\nBrza dostupnost pregleda<\/h4>[vc_column_text]<\/p>\n<h4>Visoka kvaliteta zdravstvene skrbi<\/h4>\n<p>[\/vc_column_text][vc_empty_space height=&#8221;5px&#8221;][vc_column_text]Omogu\u0107ujemo brze termine pregleda, dijagnostiku bez dugog \u010dekanja i jasno obja\u0161njene nalaze prilago\u0111ene svakom pacijentu.[\/vc_column_text][\/vc_column_inner][vc_column_inner css=&#8221;.vc_custom_1466667938957{margin-top: 40px !important;margin-bottom: 45px !important;padding-top: 10px !important;padding-right: 60px !important;padding-bottom: 17px !important;padding-left: 50px !important;}&#8221; offset=&#8221;vc_col-lg-4 vc_col-md-12&#8243;]\n<h4 class=\"mkd-custom-font-holder\" style=\"line-height: 18px;font-weight: 400;text-transform: Capitalize;color: #3498db\" data-line-height= 18>\nIndividualan pristup<\/h4>[vc_column_text]<\/p>\n<h4>Privatnost i povjerenje<\/h4>\n<p>[\/vc_column_text][vc_empty_space height=&#8221;5px&#8221;][vc_column_text]Svaki pregled organiziran je uz po\u0161tivanje privatnosti pacijenta, detaljne konzultacije i pristup prilago\u0111en specifi\u010dnim zdravstvenim potrebama.[\/vc_column_text][\/vc_column_inner][\/vc_row_inner][\/vc_column][\/vc_row][vc_row content_width=&#8221;grid&#8221; css=&#8221;.vc_custom_1466668433329{padding-top: 100px !important;padding-bottom: 65px !important;}&#8221;][vc_column offset=&#8221;vc_col-lg-4 vc_col-md-12&#8243;]<div class=\"mkd-mini-text-slider\"><div class=\"mkd-mts-inner\"><div class=\"mkd-mts-item\"><div class=\"mkd-mts-item-inner\"><h3>POVJERENJE NA PRVOM MJESTU<\/h3><h4>Pru\u017eamo vrhunsku zdravstvenu skrb uz individualan pristup i po\u0161tivanje svakog pacijenta.<\/h4><p>U Poliklinici KIRURGIJA PLUS vjerujemo da kvalitetna zdravstvena skrb zapo\u010dinje povjerenjem. Na\u0161 pristup temelji se na otvorenoj komunikaciji, detaljnim konzultacijama i jasnom obja\u0161njenju dijagnosti\u010dkih nalaza. Svaki pacijent dobiva dovoljno vremena, pa\u017enje i stru\u010dnosti kako bi se donijele najbolje odluke vezane uz zdravlje. Posebnu va\u017enost pridajemo privatnosti, sigurnosti i osje\u0107aju povjerenja tijekom cijelog procesa lije\u010denja.<\/p><\/div><\/div><div class=\"mkd-mts-item\"><div class=\"mkd-mts-item-inner\"><h3>Na\u0161 stru\u010dni tim<\/h3><h4>Iskustvo, znanje i kontinuirano usavr\u0161avanje<\/h4><p>Na\u0161i lije\u010dnici i zdravstveni djelatnici kontinuirano prate razvoj suvremene medicine i redovito se usavr\u0161avaju u svojim podru\u010djima. Multidisciplinarni pristup omogu\u0107uje nam sagledavanje zdravstvenih problema iz vi\u0161e perspektiva i pru\u017eanje cjelovite skrbi na jednom mjestu.<\/p><\/div><\/div><\/div><\/div>[vc_empty_space height=&#8221;50px&#8221;][\/vc_column][vc_column offset=&#8221;vc_col-lg-4 vc_col-md-6&#8243;][vc_empty_space height=&#8221;15px&#8221;][vc_single_image image=&#8221;3990&#8243; img_size=&#8221;full&#8221; style=&#8221;vc_box_rounded&#8221;][vc_empty_space height=&#8221;50px&#8221;][\/vc_column][vc_column offset=&#8221;vc_col-lg-4 vc_col-md-6&#8243;][vc_empty_space height=&#8221;15px&#8221;][vc_single_image image=&#8221;3993&#8243; img_size=&#8221;full&#8221; style=&#8221;vc_box_rounded&#8221;][vc_empty_space height=&#8221;50px&#8221;][\/vc_column][\/vc_row][vc_row content_width=&#8221;grid&#8221; css=&#8221;.vc_custom_1466595560778{padding-top: 105px !important;background-color: #ffffff !important;}&#8221;][vc_column]<div class=\"mkd-section-title-holder\">\n\t<h2 class=\"mkd-section-title\" style=\"text-align: center\">\n\tUSLUGE POLIKLINIKE KIRURGIJA PLUS<\/h2>\n<\/div><div class=\"mkd-section-subtitle-holder mkd-section-subtitle-center\" style=\"width: 80%\">\n\t<p style=\"text-align: center;\" class=\"mkd-section-subtitle\">Na jednom mjestu pru\u017eamo \u0161irok spektar specijalisti\u010dkih pregleda, dijagnostike i terapija uz individualan pristup svakom pacijentu.<\/p>\n<\/div>[vc_empty_space height=&#8221;15px&#8221;][vc_row_inner][vc_column_inner width=&#8221;1\/3&#8243;][vc_single_image image=&#8221;4023&#8243; img_size=&#8221;full&#8221; style=&#8221;vc_box_rounded&#8221; onclick=&#8221;custom_link&#8221; link=&#8221;https:\/\/kirurgijaplus.hr\/index.php\/opca-kirurgija-ortopedija-i-traumatologija-vaskularna-kirurgija-neurokirurgija\/&#8221;][vc_custom_heading text=&#8221;Op\u0107a kirurgija, ortopedija i traumatologija, vaskularna kirurgija, neurokirurgija&#8221; font_container=&#8221;tag:h5|text_align:left&#8221; google_fonts=&#8221;font_family:Montserrat%3Aregular%2C700|font_style:700%20bold%20regular%3A700%3Anormal&#8221; link=&#8221;url:https%3A%2F%2Fkirurgijaplus.hr%2Findex.php%2Fplasticna-i-estetska-kirurgija%2F&#8221;][vc_empty_space height=&#8221;60&#8243;][\/vc_column_inner][vc_column_inner width=&#8221;1\/3&#8243;][vc_single_image image=&#8221;4024&#8243; img_size=&#8221;full&#8221; style=&#8221;vc_box_rounded&#8221; onclick=&#8221;custom_link&#8221; link=&#8221;https:\/\/kirurgijaplus.hr\/index.php\/plasticna-i-estetska-kirurgija\/&#8221;][vc_custom_heading text=&#8221;Plasti\u010dna i estetska medicina i kirurgija&#8221; font_container=&#8221;tag:h5|text_align:left&#8221; google_fonts=&#8221;font_family:Montserrat%3Aregular%2C700|font_style:700%20bold%20regular%3A700%3Anormal&#8221; link=&#8221;url:https%3A%2F%2Fkirurgijaplus.hr%2Findex.php%2Fplasticna-i-estetska-kirurgija%2F&#8221;][vc_empty_space height=&#8221;60&#8243;][\/vc_column_inner][vc_column_inner width=&#8221;1\/3&#8243;][vc_single_image image=&#8221;4025&#8243; img_size=&#8221;full&#8221; style=&#8221;vc_box_rounded&#8221; onclick=&#8221;custom_link&#8221; link=&#8221;https:\/\/kirurgijaplus.hr\/index.php\/interna-medicina-i-kardiologija\/&#8221;][vc_custom_heading text=&#8221;Interna medicina i kardiologija&#8221; font_container=&#8221;tag:h5|text_align:left&#8221; google_fonts=&#8221;font_family:Montserrat%3Aregular%2C700|font_style:700%20bold%20regular%3A700%3Anormal&#8221; link=&#8221;url:https%3A%2F%2Fkirurgijaplus.hr%2Findex.php%2Finterna-medicina-i-kardiologija%2F&#8221;][vc_empty_space height=&#8221;60&#8243;][\/vc_column_inner][\/vc_row_inner][vc_row_inner][vc_column_inner width=&#8221;1\/3&#8243;][vc_single_image image=&#8221;4097&#8243; img_size=&#8221;full&#8221; style=&#8221;vc_box_rounded&#8221; onclick=&#8221;custom_link&#8221; link=&#8221;https:\/\/kirurgijaplus.hr\/index.php\/uzv-dijagnostika\/&#8221;][vc_custom_heading text=&#8221;UZV dijagnostika&#8221; font_container=&#8221;tag:h5|text_align:left&#8221; google_fonts=&#8221;font_family:Montserrat%3Aregular%2C700|font_style:700%20bold%20regular%3A700%3Anormal&#8221; link=&#8221;url:https%3A%2F%2Fkirurgijaplus.hr%2Findex.php%2Fuzv-dijagnostika%2F&#8221;][vc_empty_space height=&#8221;60&#8243;][\/vc_column_inner][vc_column_inner width=&#8221;1\/3&#8243;][vc_single_image image=&#8221;4027&#8243; img_size=&#8221;full&#8221; style=&#8221;vc_box_rounded&#8221; onclick=&#8221;custom_link&#8221; link=&#8221;https:\/\/kirurgijaplus.hr\/index.php\/fizikalna-medicina-i-rehabilitacija\/&#8221;][vc_custom_heading text=&#8221;Fizikalna medicina i rehabilitacija, fizikalna terapija&#8221; font_container=&#8221;tag:h5|text_align:left&#8221; google_fonts=&#8221;font_family:Montserrat%3Aregular%2C700|font_style:700%20bold%20regular%3A700%3Anormal&#8221;][vc_empty_space height=&#8221;60&#8243;][\/vc_column_inner][vc_column_inner width=&#8221;1\/3&#8243;][\/vc_column_inner][\/vc_row_inner][\/vc_column][\/vc_row][vc_row row_type=&#8221;parallax&#8221; content_width=&#8221;grid&#8221; full_screen_section_height=&#8221;no&#8221; parallax_background_image=&#8221;818&#8243; css=&#8221;.vc_custom_1770382143089{padding-top: 105px !important;padding-bottom: 115px !important;background-image: url(https:\/\/kirurgijaplus.hr\/wp-content\/uploads\/2026\/02\/Image_20260206_134702-scaled.jpg?id=4275) !important;background-position: center !important;background-repeat: no-repeat !important;background-size: cover !important;}&#8221;][vc_column]<div class=\"mkd-section-title-holder\">\n\t<h2 class=\"mkd-section-title\" style=\"color: #ffffff;text-align: center\">\n\tNOVOSTI<\/h2>\n<\/div><div class=\"mkd-section-subtitle-holder mkd-section-subtitle-center\" style=\"width: 80%\">\n\t<p style=\"color: #ffffff;text-align: center;\" class=\"mkd-section-subtitle\">Korisne informacije, savjeti lije\u010dnika i novosti iz Poliklinike Kirurgija Plus.<\/p>\n<\/div>[vc_empty_space height=&#8221;87px&#8221;]<div class=\"mkd-blog-slider-holder\"  data-posts_to_show=\"3\">\n            \n            <div class=\"mkd-blog-slider-item\">\n                <article id=\"post-4281\" class=\"post-4281 post type-post status-publish format-standard has-post-thumbnail hentry category-novosti\">\n\n                    \n                    <div class=\"mkd-part-content\">\n                        <div class=\"mkd-bs-item-content\">\n                            <div class=\"mkd-bs-item-date\">\n                                <span>1 velja\u010de, 2026<\/span>\n                            <\/div>\n                            <div class=\"mkd-bs-item-text\">\n                                <h4 class=\"mkd-bs-item-title\">\n                                    <a href=\"https:\/\/kirurgijaplus.hr\/index.php\/2026\/02\/01\/ultrazvuk-kukova-kod-beba-vazan-preventivni-pregled\/\">Ultrazvuk kukova kod beba \u2013 va\u017ean preventivni pregled<\/a><\/h4>\n                                                                    <p class=\"mkd-bs-item-excerpt\">Ultrazvuk kukova kod beba predstavlja jednostavan, bezbolan i siguran preventivni pregled koji omogu\u0107uje rano otkrivanje razvoj<\/p>\n                                                            <\/div>\n                        <\/div>\n                        <div class=\"mkd-author-desc clearfix\">\n                            <div class=\"mkd-image-name clearfix\">\n                                <div class=\"mkd-author-image\">\n                                    <img alt='' src='https:\/\/secure.gravatar.com\/avatar\/57b9acb9eaec27065c3e0a88dd3bf087131ac76e7af4419349ab9d5c1afd96ac?s=102&#038;d=mm&#038;r=g' class='avatar avatar-102 photo' height='102' width='102' \/>                                <\/div>\n                                <div class=\"mkd-author-name-holder\">\n\n                                    <div class=\"mkd-author\">\n                                        <h6 class=\"mkd-author-name\">\n                                            <span>by <\/span>                                            <a href=\"https:\/\/kirurgijaplus.hr\/author\/administrator\/\">\n                                                Administrator                                            <\/a>\n                                        <\/h6>\n                                    <\/div>\n                                <\/div>\n                            <\/div>\n                        <\/div>\n                    <\/div>\n                <\/article>\n            <\/div>\n        \n            <div class=\"mkd-blog-slider-item\">\n                <article id=\"post-4267\" class=\"post-4267 post type-post status-publish format-standard has-post-thumbnail hentry category-novosti\">\n\n                    \n                    <div class=\"mkd-part-content\">\n                        <div class=\"mkd-bs-item-content\">\n                            <div class=\"mkd-bs-item-date\">\n                                <span>26 prosinca, 2025<\/span>\n                            <\/div>\n                            <div class=\"mkd-bs-item-text\">\n                                <h4 class=\"mkd-bs-item-title\">\n                                    <a href=\"https:\/\/kirurgijaplus.hr\/index.php\/2025\/12\/26\/otvorena-poliklinika-kirurgija-plus-u-slavonskom-brodu-2\/\">Otvorena Poliklinika Kirurgija Plus u Slavonskom Brodu<\/a><\/h4>\n                                                                    <p class=\"mkd-bs-item-excerpt\">S ponosom vas obavje\u0161tavamo da je Poliklinika Kirurgija Plus zapo\u010dela s radom u Slavonskom Brodu. Poliklinika je osnovana s jas<\/p>\n                                                            <\/div>\n                        <\/div>\n                        <div class=\"mkd-author-desc clearfix\">\n                            <div class=\"mkd-image-name clearfix\">\n                                <div class=\"mkd-author-image\">\n                                    <img alt='' src='https:\/\/secure.gravatar.com\/avatar\/57b9acb9eaec27065c3e0a88dd3bf087131ac76e7af4419349ab9d5c1afd96ac?s=102&#038;d=mm&#038;r=g' class='avatar avatar-102 photo' height='102' width='102' \/>                                <\/div>\n                                <div class=\"mkd-author-name-holder\">\n\n                                    <div class=\"mkd-author\">\n                                        <h6 class=\"mkd-author-name\">\n                                            <span>by <\/span>                                            <a href=\"https:\/\/kirurgijaplus.hr\/author\/administrator\/\">\n                                                Administrator                                            <\/a>\n                                        <\/h6>\n                                    <\/div>\n                                <\/div>\n                            <\/div>\n                        <\/div>\n                    <\/div>\n                <\/article>\n            <\/div>\n                    <\/div>[\/vc_column][\/vc_row][vc_row content_width=&#8221;grid&#8221; css=&#8221;.vc_custom_1469172777537{padding-top: 97px !important;padding-bottom: 65px !important;background-color: #ffffff !important;}&#8221;][vc_column][vc_row_inner][vc_column_inner offset=&#8221;vc_col-lg-6 vc_col-md-12&#8243;][vc_empty_space height=&#8221;15px&#8221;]<div class=\"mkd-booking-form mkd-bf-layout-vertical light \"\r\n     data-depts-doctors=\"{&quot;Fizikalna medicina i rehabilitacija&quot;:[&quot;Hrvoje Ba\\u0161i\\u0107, mag.physioth.&quot;,&quot;Ozren Pehar, dr. med.&quot;,&quot;Paulina Beni\\u0107-Marti\\u0107, dr. med.&quot;,&quot;Tea Marti\\u0107, bacc.physioth.&quot;],&quot;Interna medicina i kardiologija&quot;:[&quot;Gorana Pavkovi\\u0107, dr.med.&quot;,&quot;Josip Silovi\\u0107, dr. med.&quot;],&quot;Op\\u0107a kirurgija&quot;:[&quot;Antun Martinovi\\u0107, dr.med.&quot;,&quot;Damir Ro\\u0161ko, dr. med.&quot;,&quot;Danko Smiljani\\u0107, dr.med.&quot;,&quot;Doc. dr. sc. prim. Hrvoje Palenki\\u0107, dr. med.&quot;,&quot;Dominik Bano, dr.med.&quot;,&quot;Ivan Samard\\u017ei\\u0107, dr. med.&quot;,&quot;Marina Majhen, bacc. med. techn.&quot;],&quot;Plasti\\u010dna i estetska medicina i kirurgija&quot;:[&quot;Damir Ro\\u0161ko, dr. med.&quot;,&quot;Ivana Jovanovi\\u0107 Milo\\u0161evi\\u0107, dr.med.&quot;,&quot;Tomislav Stojadinovi\\u0107, dr.med.&quot;],&quot;UZV dijagnostika&quot;:[&quot;Antun Martinovi\\u0107, dr.med.&quot;,&quot;Dominik Bano, dr.med.&quot;,&quot;Eugen Sadlo, dr. med.&quot;,&quot;Josip Silovi\\u0107, dr. med.&quot;,&quot;Ozren Pehar, dr. med.&quot;,&quot;Sanja Peji\\u0107 Ro\\u0161ko, dr. med.&quot;,&quot;Tomislav Stojadinovi\\u0107, dr.med.&quot;]}\">\r\n\r\n\t\r\n\t<div class=\"mkd-booking-form-inner \">\r\n\r\n\t\t\r\n\t\t\r\n\t\t<div class=\"mkd-bf-form-fields mkd-bf-columns-2\">\r\n\t\t\t<form method=\"POST\">\r\n\r\n\t\t\t\t<!-- Odjel -->\r\n\t\t\t\t<div class=\"mkd-bf-form-item mkd-bf-narrow\">\r\n\t\t\t\t\t<select class=\"mkd-bf-select-field mkd-bf-select-department\" name=\"mkd-booking-department\">\r\n\t\t\t\t\t\t<option value=\"\">\r\n\t\t\t\t\t\t\tOdaberite odjel\t\t\t\t\t\t<\/option>\r\n\t\t\t\t\t\t\t\t\t\t\t\t\t<option value=\"Fizikalna medicina i rehabilitacija\">Fizikalna medicina i rehabilitacija<\/option>\r\n\t\t\t\t\t\t\t\t\t\t\t\t\t<option value=\"Interna medicina i kardiologija\">Interna medicina i kardiologija<\/option>\r\n\t\t\t\t\t\t\t\t\t\t\t\t\t<option value=\"Op\u0107a kirurgija\">Op\u0107a kirurgija<\/option>\r\n\t\t\t\t\t\t\t\t\t\t\t\t\t<option value=\"Plasti\u010dna i estetska medicina i kirurgija\">Plasti\u010dna i estetska medicina i kirurgija<\/option>\r\n\t\t\t\t\t\t\t\t\t\t\t\t\t<option value=\"UZV dijagnostika\">UZV dijagnostika<\/option>\r\n\t\t\t\t\t\t\t\t\t\t\t<\/select>\r\n\t\t\t\t<\/div>\r\n\r\n\t\t\t\t<!-- \u2705 Doktor uklonjen -->\r\n\t\t\t\t<!-- \u2705 Datum uklonjen -->\r\n\t\t\t\t<!-- \u2705 Vrijeme uklonjeno -->\r\n\r\n\t\t\t\t<!-- Ime i prezime -->\r\n\t\t\t\t<div class=\"mkd-bf-form-item mkd-bf-name mkd-bf-narrow\">\r\n\t\t\t\t\t<input type=\"text\"\r\n\t\t\t\t\t       class=\"mkd-bf-input-name\"\r\n\t\t\t\t\t       name=\"mkd-booking-name\"\r\n\t\t\t\t\t       placeholder=\"Ime i prezime\">\r\n\t\t\t\t<\/div>\r\n\r\n\t\t\t\t<!-- Telefon (wide da raspored bude uredan) -->\r\n\t\t\t\t<div class=\"mkd-bf-form-item mkd-bf-contact mkd-bf-wide\">\r\n\t\t\t\t\t<input type=\"text\"\r\n\t\t\t\t\t       class=\"mkd-bf-input-contact\"\r\n\t\t\t\t\t       name=\"mkd-booking-contact\"\r\n\t\t\t\t\t       placeholder=\"Telefon\">\r\n\t\t\t\t<\/div>\r\n\r\n\t\t\t\t\t\t\t\t\t<!-- Poruka \/ napomena -->\r\n\t\t\t\t\t<div class=\"mkd-bf-form-item mkd-bf-wide\">\r\n\t\t\t\t\t\t<textarea class=\"mkd-bf-input-request\"\r\n\t\t\t\t\t\t          name=\"mkd-booking-request\"\r\n\t\t\t\t\t\t          placeholder=\"Poruka \/ napomena...\"><\/textarea>\r\n\t\t\t\t\t<\/div>\r\n\t\t\t\t\r\n\t\t\t\t<span class=\"nonce\"><input type=\"hidden\" id=\"mkd_nonce_booking_form_864414943\" name=\"mkd_nonce_booking_form_864414943\" value=\"db7b727952\" \/><input type=\"hidden\" name=\"_wp_http_referer\" value=\"\/index.php\/wp-json\/wp\/v2\/pages\/654\" \/><\/span>\r\n\t\t\t\t<script type=\"application\/javascript\">if (typeof MikadoAjaxUrl === \"undefined\") {var MikadoAjaxUrl = \"https:\/\/kirurgijaplus.hr\/wp-admin\/admin-ajax.php\"; }<\/script>\r\n\t\t\t\t\t\t\t\t\t<div class=\"mkd-bf-form-response-holder\"><\/div>\r\n\t\t\t\t\r\n\t\t\t\t<div class=\"mkd-bf-form-button\">\r\n\t\t\t\t\t<input type=\"submit\" name=\"mkd-booking-submit\" value=\"Po\u0161alji\"  class=\"mkd-btn mkd-btn-small mkd-btn-solid mkd-btn-hover-outline\"  data-sending-label=\"\u0160aljem...\" \/>\t\t\t\t<\/div>\r\n\r\n\t\t\t\t\r\n\t\t\t<\/form>\r\n\t\t<\/div>\r\n\r\n\t<\/div>\r\n<\/div>\r\n[vc_empty_space height=&#8221;50px&#8221;][\/vc_column_inner][vc_column_inner offset=&#8221;vc_col-lg-6 vc_col-md-12&#8243;][vc_column_text]<\/p>\n<h3>Rezervirajte termin<\/h3>\n<p><span dir=\"auto\" style=\"vertical-align: inherit;\"><span dir=\"auto\" style=\"vertical-align: inherit;\">[\/vc_column_text][vc_empty_space height=&#8221;5px&#8221;][vc_column_text]<\/span><\/span><\/p>\n<p data-start=\"482\" data-end=\"687\">Za najto\u010dnije i najkorisnije informacije o na\u0161im medicinskim uslugama preporu\u010dujemo da se naru\u010dite na osobni pregled ili konzultacije. Proces naru\u010divanja osmi\u0161ljen je jednostavno i prilago\u0111eno pacijentima.<\/p>\n<p data-start=\"689\" data-end=\"1000\">Nakon \u0161to po\u0161aljete zahtjev putem obrasca za naru\u010divanje, na\u0161 tim \u0107e vas u najkra\u0107em mogu\u0107em roku kontaktirati kako bismo dogovorili termin pregleda koji vam najvi\u0161e odgovara. Tijekom kontakta provjeravamo dostupnost lije\u010dnika, vrstu pregleda te sve dodatne informacije va\u017ene za kvalitetnu organizaciju termina.<\/p>\n<p data-start=\"1002\" data-end=\"1246\">Na samom pregledu lije\u010dnik \u0107e odvojiti dovoljno vremena za razgovor, upoznati se s va\u0161im zdravstvenim potrebama i po potrebi predlo\u017eiti dodatne dijagnosti\u010dke postupke ili terapijske opcije. Sve informacije bit \u0107e vam jasno i stru\u010dno obja\u0161njene.<\/p>\n<p data-start=\"1248\" data-end=\"1409\">U slu\u010daju potrebe, tijekom konzultacija mogu\u0107e je dogovoriti daljnje preglede, zahvate ili terapije, kao i dobiti informacije o cijenama i mogu\u0107nostima pla\u0107anja.<\/p>\n<p><span dir=\"auto\" style=\"vertical-align: inherit;\"><span dir=\"auto\" style=\"vertical-align: inherit;\">[\/vc_column_text][vc_empty_space height=&#8221;50px&#8221;][\/vc_column_inner][\/vc_row_inner][\/vc_column][\/vc_row]<\/span><\/span><\/p>\n","protected":false},"excerpt":{"rendered":"<p>[vc_row][vc_column][rev_slider_vc alias=&#8221;poc&#8221;][\/vc_column][\/vc_row][vc_row content_width=&#8221;grid&#8221;][vc_column][vc_row_inner css=&#8221;.vc_custom_1466594224899{margin-top: -85px !important;margin-right: 0px !important;margin-left: 0px !important;background-color: #ffffff !important;}&#8221;][vc_column_inner css=&#8221;.vc_custom_1466667921732{margin-top: 40px !important;margin-bottom: 45px !important;border-right-width: 1px !important;padding-top: 10px !important;padding-right: 60px !important;padding-bottom: 17px !important;padding-left: 50px !important;border-right-color: #eae9e9 !important;border-right-style: solid !important;}&#8221; offset=&#8221;vc_col-lg-4 vc_col-md-12&#8243;][vc_column_text] Pacijent je uvijek na prvom mjestu [\/vc_column_text][vc_empty_space height=&#8221;5px&#8221;][vc_column_text]Na\u0161 tim \u010dine iskusni specijalisti&#8230;<\/p>\n","protected":false},"author":1,"featured_media":0,"parent":0,"menu_order":0,"comment_status":"closed","ping_status":"closed","template":"full-width.php","meta":{"footnotes":""},"class_list":["post-654","page","type-page","status-publish","hentry"],"_links":{"self":[{"href":"https:\/\/kirurgijaplus.hr\/index.php\/wp-json\/wp\/v2\/pages\/654","targetHints":{"allow":["GET"]}}],"collection":[{"href":"https:\/\/kirurgijaplus.hr\/index.php\/wp-json\/wp\/v2\/pages"}],"about":[{"href":"https:\/\/kirurgijaplus.hr\/index.php\/wp-json\/wp\/v2\/types\/page"}],"author":[{"embeddable":true,"href":"https:\/\/kirurgijaplus.hr\/index.php\/wp-json\/wp\/v2\/users\/1"}],"replies":[{"embeddable":true,"href":"https:\/\/kirurgijaplus.hr\/index.php\/wp-json\/wp\/v2\/comments?post=654"}],"version-history":[{"count":67,"href":"https:\/\/kirurgijaplus.hr\/index.php\/wp-json\/wp\/v2\/pages\/654\/revisions"}],"predecessor-version":[{"id":4309,"href":"https:\/\/kirurgijaplus.hr\/index.php\/wp-json\/wp\/v2\/pages\/654\/revisions\/4309"}],"wp:attachment":[{"href":"https:\/\/kirurgijaplus.hr\/index.php\/wp-json\/wp\/v2\/media?parent=654"}],"curies":[{"name":"wp","href":"https:\/\/api.w.org\/{rel}","templated":true}]}}